{"id":2219,"date":"2024-04-17T10:25:02","date_gmt":"2024-04-17T08:25:02","guid":{"rendered":"https:\/\/www.garciaelsener.com\/?page_id=2219"},"modified":"2024-05-14T11:46:35","modified_gmt":"2024-05-14T09:46:35","slug":"international-tax-consultant","status":"publish","type":"page","link":"https:\/\/www.garciaelsener.com\/en\/international-tax-consultant\/","title":{"rendered":"International Tax Advisor"},"content":{"rendered":"<div class=\"wp-block-uagb-container uagb-block-7d3d1f4d alignfull uagb-is-root-container\">\n<div class=\"wp-block-uagb-container uagb-block-92f4eaef\">\n<div class=\"wp-block-uagb-info-box uagb-block-a690ef9c uagb-infobox__content-wrap  uagb-infobox-icon-above-title uagb-infobox-image-valign-top\"><div class=\"uagb-ifb-content\"><div class=\"uagb-ifb-title-wrap\"><div class=\"uagb-ifb-separator\"><\/div><h1 class=\"uagb-ifb-title\">International Tax Advisor<\/h1><\/div><p class=\"uagb-ifb-desc\">Are you a foreign resident living or investing in Spain? Do you need a reliable and experienced tax advisor who speaks your language and understands your needs? Mr. Garcia Elsener is here to assist you.<\/p><\/div><\/div>\n\n\n\n<div class=\"wp-block-uagb-buttons uagb-buttons__outer-wrap uagb-btn__default-btn uagb-btn-tablet__default-btn uagb-btn-mobile__default-btn uagb-block-ba801959\"><div class=\"uagb-buttons__wrap uagb-buttons-layout-wrap\">\n<div class=\"wp-block-uagb-buttons-child uagb-buttons__outer-wrap uagb-block-cafec7b5 wp-block-button\"><div class=\"uagb-button__wrapper\"><a class=\"uagb-buttons-repeater wp-block-button__link\" aria-label=\"\" href=\"tel:+34638261901\" rel=\"follow noopener\" target=\"_self\" role=\"button\"><div class=\"uagb-button__link\">Contact us now<\/div><\/a><\/div><\/div>\n<\/div><\/div>\n<\/div>\n<\/div>\n\n\n\n<p><\/p>\n\n\n\n<p class=\"has-medium-font-size\">In an increasingly interconnected world, managing personal and economic interests across multiple countries has become commonplace. This makes professional guidance in international taxation essential. <\/p>\n\n\n\n<p class=\"has-medium-font-size\">We analyze exit taxes, the advantages and disadvantages of residency in Spain, and work together with the tax advisor from the country of origin to develop a global and unified strategy, aiming to achieve the best possible level of tax efficiency.<\/p>\n\n\n\n<p class=\"has-medium-font-size\">The analysis is based on both Spanish regulations and those of the country of origin, as well as the double taxation agreements signed between the countries. Drawing on our knowledge and experience, we develop an optimal strategic plan, tailored to both individual and business needs.<\/p>\n\n\n\n<p class=\"has-medium-font-size\">Trust Garcia Elsener as your international tax advisor, with offices in Mallorca and Barcelona, for expert and efficient cross-border solutions.<\/p>\n\n\n\n<div class=\"wp-block-uagb-buttons uagb-buttons__outer-wrap uagb-btn__default-btn uagb-btn-tablet__default-btn uagb-btn-mobile__default-btn uagb-block-18877cc1\"><div class=\"uagb-buttons__wrap uagb-buttons-layout-wrap\">\n<div class=\"wp-block-uagb-buttons-child uagb-buttons__outer-wrap uagb-block-f764ddb6 wp-block-button\"><div class=\"uagb-button__wrapper\"><a class=\"uagb-buttons-repeater wp-block-button__link\" aria-label=\"\" href=\"tel:+34638261901\" rel=\"follow noopener\" target=\"_self\" role=\"button\"><div class=\"uagb-button__link\">Contact us now<\/div><\/a><\/div><\/div>\n<\/div><\/div>\n\n\n\n<p><\/p>\n\n\n\n<div class=\"wp-block-uagb-container uagb-block-9493f3e5 alignfull uagb-is-root-container\">\n<div class=\"wp-block-uagb-container uagb-block-41e7e884\">\n<p class=\"has-ast-global-color-1-color has-text-color has-link-color has-small-font-size wp-elements-6b61e48c53c06ab8c3c1fbc341943a4c\" style=\"padding-right:0;padding-left:0;letter-spacing:0px\"><strong>TRUST THROUGH EXPERIENCE<\/strong><\/p>\n\n\n\n<h2 class=\"wp-block-heading has-x-large-font-size\" id=\"h-warum-garcia-elsener\">Why Choose Garcia Elsener?<\/h2>\n\n\n\n<p class=\"justificar has-medium-font-size\"><strong>Specialized in International Clients:<\/strong> We understand the unique challenges and opportunities that foreigners face in Spain. Our services are designed to support you in your preferred language. Tax advisor in Mallorca for international clients.<\/p>\n\n\n\n<p class=\"justificar has-medium-font-size\"><strong>Our distinguishing feature:<\/strong> We collaborate with your tax advisor from your home country to provide tailored cross-border advice, ensuring a seamless and comprehensive approach to your tax planning.<\/p>\n\n\n\n<p class=\"justificar has-medium-font-size\"><strong>Local Knowledge, Global Perspective:<\/strong> From income tax returns to wealth planning, we offer a wide range of services tailored to meet your individual requirements.<\/p>\n\n\n\n<p class=\"justificar has-medium-font-size\"><strong>Comprehensive Tax Advice:<\/strong> From income tax returns to wealth planning, we offer a range of services tailored to your individual needs.<\/p>\n\n\n\n<div class=\"wp-block-uagb-buttons uagb-buttons__outer-wrap uagb-btn__default-btn uagb-btn-tablet__default-btn uagb-btn-mobile__default-btn uagb-block-00bfd897\"><div class=\"uagb-buttons__wrap uagb-buttons-layout-wrap\">\n<div class=\"wp-block-uagb-buttons-child uagb-buttons__outer-wrap uagb-block-b63319d1 wp-block-button\"><div class=\"uagb-button__wrapper\"><a class=\"uagb-buttons-repeater wp-block-button__link\" aria-label=\"\" href=\"tel:+34638261901\" rel=\"follow noopener\" target=\"_self\" role=\"button\"><div class=\"uagb-button__link\">Contact us now<\/div><\/a><\/div><\/div>\n<\/div><\/div>\n<\/div>\n<\/div>\n\n\n\n<div class=\"wp-block-uagb-container uagb-block-6222fef7 alignfull uagb-is-root-container\"><div class=\"uagb-container-inner-blocks-wrap\">\n<div class=\"wp-block-uagb-container uagb-block-97893255\">\n<h3 class=\"wp-block-heading has-text-align-center\" id=\"h-kontaktinformationen\" style=\"font-size:26px\">Contact Information<\/h3>\n\n\n\n<div class=\"wp-block-uagb-icon-list uagb-block-3beffe7b\"><div class=\"uagb-icon-list__wrap\">\n<div class=\"wp-block-uagb-icon-list-child uagb-block-5d2ae9a7\"><span class=\"uagb-icon-list__label\">GARCIA ELSENER | TAX ADVISOR<\/span><\/div>\n\n\n\n<div class=\"wp-block-uagb-icon-list-child uagb-block-ab04d4f2\"><a target=\"_blank\" aria-label=\"Pl. d&#039;Espanya, 11, 1\u00ba, Distrito Centro, 07002 Palma, Balearic Islands\" rel=\"noopener noreferrer\" href=\"https:\/\/maps.app.goo.gl\/fun3tvYS33bfkgY47\"> <\/a><span class=\"uagb-icon-list__label\">Pl. d'Espanya, 11, 1\u00ba, Distrito Centro, 07002 Palma, Balearic Islands<\/span><\/div>\n\n\n\n<div class=\"wp-block-uagb-icon-list-child uagb-block-a00c21af\"><a target=\"_self\" aria-label=\"+34 638 26 19 01\" rel=\"noopener noreferrer\" href=\"tel:+34638261901\"> <\/a><span class=\"uagb-icon-list__label\">+34 638 26 19 01<\/span><\/div>\n\n\n\n<div class=\"wp-block-uagb-icon-list-child uagb-block-daaef5fa\"><a target=\"_blank\" aria-label=\"www.garciaelsener.com\" rel=\"noopener noreferrer\" href=\"https:\/\/www.garciaelsener.com\"> <\/a><span class=\"uagb-icon-list__label\">www.garciaelsener.com<\/span><\/div>\n\n\n\n<div class=\"wp-block-uagb-icon-list-child uagb-block-c4e67353\"><a target=\"_blank\" aria-label=\"info@garciaelsener.com\" rel=\"noopener noreferrer\" href=\"mailto:info@garciaelsener.com\"> <\/a><span class=\"uagb-icon-list__label\">info@garciaelsener.com<\/span><\/div>\n<\/div><\/div>\n<\/div>\n\n\n\n<div class=\"wp-block-uagb-container uagb-block-d92d79a6\">\n<iframe src=\"https:\/\/www.google.com\/maps\/embed?pb=!1m18!1m12!1m3!1d3075.31165247485!2d2.6533249999999997!3d39.575126!2m3!1f0!2f0!3f0!3m2!1i1024!2i768!4f13.1!3m3!1m2!1s0x129793c4b3c7aac5%3A0xc82d8d92b172efed!2sGarcia%20Elsener%20Steuerberater%20Mallorca!5e0!3m2!1ses!2ses!4v1709809766691!5m2!1ses!2ses\" width=\"50%\" height=\"500\" style=\"border:0;\" allowfullscreen=\"\" loading=\"lazy\" referrerpolicy=\"no-referrer-when-downgrade\"><\/iframe>\n<\/div>\n<\/div><\/div>\n\n\n\n<div class=\"wp-block-columns alignfull has-ast-global-color-5-background-color has-background is-layout-flex wp-container-core-columns-is-layout-28f84493 wp-block-columns-is-layout-flex\">\n<div class=\"wp-block-column is-layout-flow wp-block-column-is-layout-flow\"><\/div>\n\n\n\n<div class=\"wp-block-column is-layout-flow wp-block-column-is-layout-flow\">\n<figure class=\"wp-block-image size-large is-resized\"><img loading=\"lazy\" decoding=\"async\" width=\"1024\" height=\"341\" src=\"https:\/\/www.garciaelsener.com\/wp-content\/uploads\/2024\/03\/Logo-Asociacion-Espanola-de-Asesores-Fiscales-1024x341.jpg\" alt=\"\" class=\"wp-image-1968\" style=\"width:375px;height:auto\" srcset=\"https:\/\/www.garciaelsener.com\/wp-content\/uploads\/2024\/03\/Logo-Asociacion-Espanola-de-Asesores-Fiscales-1024x341.jpg 1024w, https:\/\/www.garciaelsener.com\/wp-content\/uploads\/2024\/03\/Logo-Asociacion-Espanola-de-Asesores-Fiscales-300x100.jpg 300w, https:\/\/www.garciaelsener.com\/wp-content\/uploads\/2024\/03\/Logo-Asociacion-Espanola-de-Asesores-Fiscales-768x256.jpg 768w, https:\/\/www.garciaelsener.com\/wp-content\/uploads\/2024\/03\/Logo-Asociacion-Espanola-de-Asesores-Fiscales-1536x512.jpg 1536w, https:\/\/www.garciaelsener.com\/wp-content\/uploads\/2024\/03\/Logo-Asociacion-Espanola-de-Asesores-Fiscales-2048x683.jpg 2048w\" sizes=\"auto, (max-width: 1024px) 100vw, 1024px\" \/><\/figure>\n<\/div>\n\n\n\n<div class=\"wp-block-column is-layout-flow wp-block-column-is-layout-flow\">\n<figure class=\"wp-block-image size-large\"><img loading=\"lazy\" decoding=\"async\" width=\"1024\" height=\"316\" src=\"https:\/\/www.garciaelsener.com\/wp-content\/uploads\/2024\/03\/Logo-Colegio-de-economistas-de-Cataluna-1024x316.png\" alt=\"\" class=\"wp-image-1969\" srcset=\"https:\/\/www.garciaelsener.com\/wp-content\/uploads\/2024\/03\/Logo-Colegio-de-economistas-de-Cataluna-1024x316.png 1024w, https:\/\/www.garciaelsener.com\/wp-content\/uploads\/2024\/03\/Logo-Colegio-de-economistas-de-Cataluna-300x93.png 300w, https:\/\/www.garciaelsener.com\/wp-content\/uploads\/2024\/03\/Logo-Colegio-de-economistas-de-Cataluna-768x237.png 768w, https:\/\/www.garciaelsener.com\/wp-content\/uploads\/2024\/03\/Logo-Colegio-de-economistas-de-Cataluna-1536x474.png 1536w, https:\/\/www.garciaelsener.com\/wp-content\/uploads\/2024\/03\/Logo-Colegio-de-economistas-de-Cataluna.png 1902w\" sizes=\"auto, (max-width: 1024px) 100vw, 1024px\" \/><\/figure>\n<\/div>\n\n\n\n<div class=\"wp-block-column is-layout-flow wp-block-column-is-layout-flow\"><\/div>\n<\/div>","protected":false},"excerpt":{"rendered":"<p>In einer zunehmend globalisierten Welt ist es \u00fcblich, dass Menschen pers\u00f6nliche und wirtschaftliche Interessen in mehreren L\u00e4ndern haben. Dies macht eine Beratung auf dem Gebiet der internationalen Besteuerung erforderlich. In unserer Kanzlei befassen wir uns t\u00e4glich mit F\u00e4llen, die mit der Verlegung des Wohnsitzes aus dem Ausland nach Spanien zusammenh\u00e4ngen, vor allem von Deutschland nach [&hellip;]<\/p>\n","protected":false},"author":1,"featured_media":0,"parent":0,"menu_order":0,"comment_status":"closed","ping_status":"closed","template":"","meta":{"_uag_custom_page_level_css":"","site-sidebar-layout":"default","site-content-layout":"","ast-site-content-layout":"default","site-content-style":"default","site-sidebar-style":"default","ast-global-header-display":"","ast-banner-title-visibility":"","ast-main-header-display":"","ast-hfb-above-header-display":"","ast-hfb-below-header-display":"","ast-hfb-mobile-header-display":"","site-post-title":"disabled","ast-breadcrumbs-content":"","ast-featured-img":"","footer-sml-layout":"","ast-disable-related-posts":"","theme-transparent-header-meta":"","adv-header-id-meta":"","stick-header-meta":"","header-above-stick-meta":"","header-main-stick-meta":"","header-below-stick-meta":"","astra-migrate-meta-layouts":"set","ast-page-background-enabled":"default","ast-page-background-meta":{"desktop":{"background-color":"var(--ast-global-color-4)","background-image":"","background-repeat":"repeat","background-position":"center center","background-size":"auto","background-attachment":"scroll","background-type":"","background-media":"","overlay-type":"","overlay-color":"","overlay-opacity":"","overlay-gradient":""},"tablet":{"background-color":"","background-image":"","background-repeat":"repeat","background-position":"center center","background-size":"auto","background-attachment":"scroll","background-type":"","background-media":"","overlay-type":"","overlay-color":"","overlay-opacity":"","overlay-gradient":""},"mobile":{"background-color":"","background-image":"","background-repeat":"repeat","background-position":"center center","background-size":"auto","background-attachment":"scroll","background-type":"","background-media":"","overlay-type":"","overlay-color":"","overlay-opacity":"","overlay-gradient":""}},"ast-content-background-meta":{"desktop":{"background-color":"var(--ast-global-color-5)","background-image":"","background-repeat":"repeat","background-position":"center center","background-size":"auto","background-attachment":"scroll","background-type":"","background-media":"","overlay-type":"","overlay-color":"","overlay-opacity":"","overlay-gradient":""},"tablet":{"background-color":"var(--ast-global-color-5)","background-image":"","background-repeat":"repeat","background-position":"center center","background-size":"auto","background-attachment":"scroll","background-type":"","background-media":"","overlay-type":"","overlay-color":"","overlay-opacity":"","overlay-gradient":""},"mobile":{"background-color":"var(--ast-global-color-5)","background-image":"","background-repeat":"repeat","background-position":"center center","background-size":"auto","background-attachment":"scroll","background-type":"","background-media":"","overlay-type":"","overlay-color":"","overlay-opacity":"","overlay-gradient":""}},"_joinchat":[],"footnotes":""},"class_list":["post-2219","page","type-page","status-publish","hentry"],"yoast_head":"<!-- This site is optimized with the Yoast SEO Premium plugin v23.2 (Yoast SEO v27.4) - https:\/\/yoast.com\/product\/yoast-seo-premium-wordpress\/ -->\n<title>Internationaler Steuerberater - Garcia Elsener<\/title>\n<meta name=\"description\" content=\"Willkommen bei Garcia Elsener, Ihrem vertrauensw\u00fcrdigen Partner f\u00fcr internationale Steuerberater in Palma de Mallorca.\" \/>\n<meta name=\"robots\" content=\"index, follow, max-snippet:-1, max-image-preview:large, max-video-preview:-1\" \/>\n<link rel=\"canonical\" href=\"https:\/\/www.garciaelsener.com\/en\/international-tax-consultant\/\" \/>\n<meta property=\"og:locale\" content=\"en_GB\" \/>\n<meta property=\"og:type\" content=\"article\" \/>\n<meta property=\"og:title\" content=\"Internationaler Steuerberater\" \/>\n<meta property=\"og:description\" content=\"Willkommen bei Garcia Elsener, Ihrem vertrauensw\u00fcrdigen Partner f\u00fcr internationale Steuerberater in Palma de Mallorca.\" \/>\n<meta property=\"og:url\" content=\"https:\/\/www.garciaelsener.com\/en\/international-tax-consultant\/\" \/>\n<meta property=\"og:site_name\" content=\"Garcia Elsener Steuerberater auf Mallorca\" \/>\n<meta property=\"article:modified_time\" content=\"2024-05-14T09:46:35+00:00\" \/>\n<meta property=\"og:image\" content=\"https:\/\/www.garciaelsener.com\/wp-content\/uploads\/2024\/03\/Logo-Asociacion-Espanola-de-Asesores-Fiscales-1024x341.jpg\" \/>\n<meta name=\"twitter:card\" content=\"summary_large_image\" \/>\n<meta name=\"twitter:label1\" content=\"Estimated reading time\" \/>\n\t<meta name=\"twitter:data1\" content=\"2 minutes\" \/>\n<script type=\"application\/ld+json\" class=\"yoast-schema-graph\">{\"@context\":\"https:\\\/\\\/schema.org\",\"@graph\":[{\"@type\":\"WebPage\",\"@id\":\"https:\\\/\\\/www.garciaelsener.com\\\/internationaler-steuerberater\\\/\",\"url\":\"https:\\\/\\\/www.garciaelsener.com\\\/internationaler-steuerberater\\\/\",\"name\":\"Internationaler Steuerberater - Garcia Elsener\",\"isPartOf\":{\"@id\":\"https:\\\/\\\/www.garciaelsener.com\\\/#website\"},\"primaryImageOfPage\":{\"@id\":\"https:\\\/\\\/www.garciaelsener.com\\\/internationaler-steuerberater\\\/#primaryimage\"},\"image\":{\"@id\":\"https:\\\/\\\/www.garciaelsener.com\\\/internationaler-steuerberater\\\/#primaryimage\"},\"thumbnailUrl\":\"https:\\\/\\\/www.garciaelsener.com\\\/wp-content\\\/uploads\\\/2024\\\/03\\\/Logo-Asociacion-Espanola-de-Asesores-Fiscales-1024x341.jpg\",\"datePublished\":\"2024-04-17T08:25:02+00:00\",\"dateModified\":\"2024-05-14T09:46:35+00:00\",\"description\":\"Willkommen bei Garcia Elsener, Ihrem vertrauensw\u00fcrdigen Partner f\u00fcr internationale Steuerberater in Palma de Mallorca.\",\"breadcrumb\":{\"@id\":\"https:\\\/\\\/www.garciaelsener.com\\\/internationaler-steuerberater\\\/#breadcrumb\"},\"inLanguage\":\"en-GB\",\"potentialAction\":[{\"@type\":\"ReadAction\",\"target\":[\"https:\\\/\\\/www.garciaelsener.com\\\/internationaler-steuerberater\\\/\"]}]},{\"@type\":\"ImageObject\",\"inLanguage\":\"en-GB\",\"@id\":\"https:\\\/\\\/www.garciaelsener.com\\\/internationaler-steuerberater\\\/#primaryimage\",\"url\":\"https:\\\/\\\/www.garciaelsener.com\\\/wp-content\\\/uploads\\\/2024\\\/03\\\/Logo-Asociacion-Espanola-de-Asesores-Fiscales-1024x341.jpg\",\"contentUrl\":\"https:\\\/\\\/www.garciaelsener.com\\\/wp-content\\\/uploads\\\/2024\\\/03\\\/Logo-Asociacion-Espanola-de-Asesores-Fiscales-1024x341.jpg\"},{\"@type\":\"BreadcrumbList\",\"@id\":\"https:\\\/\\\/www.garciaelsener.com\\\/internationaler-steuerberater\\\/#breadcrumb\",\"itemListElement\":[{\"@type\":\"ListItem\",\"position\":1,\"name\":\"Portada\",\"item\":\"https:\\\/\\\/www.garciaelsener.com\\\/\"},{\"@type\":\"ListItem\",\"position\":2,\"name\":\"Internationaler Steuerberater\"}]},{\"@type\":\"WebSite\",\"@id\":\"https:\\\/\\\/www.garciaelsener.com\\\/#website\",\"url\":\"https:\\\/\\\/www.garciaelsener.com\\\/\",\"name\":\"Garcia Elsener Steuerberater auf Mallorca\",\"description\":\"\",\"publisher\":{\"@id\":\"https:\\\/\\\/www.garciaelsener.com\\\/#organization\"},\"potentialAction\":[{\"@type\":\"SearchAction\",\"target\":{\"@type\":\"EntryPoint\",\"urlTemplate\":\"https:\\\/\\\/www.garciaelsener.com\\\/?s={search_term_string}\"},\"query-input\":{\"@type\":\"PropertyValueSpecification\",\"valueRequired\":true,\"valueName\":\"search_term_string\"}}],\"inLanguage\":\"en-GB\"},{\"@type\":\"Organization\",\"@id\":\"https:\\\/\\\/www.garciaelsener.com\\\/#organization\",\"name\":\"Garcia Elsener Steuerberater auf Mallorca\",\"alternateName\":\"Garcia Elsener\",\"url\":\"https:\\\/\\\/www.garciaelsener.com\\\/\",\"logo\":{\"@type\":\"ImageObject\",\"inLanguage\":\"en-GB\",\"@id\":\"https:\\\/\\\/www.garciaelsener.com\\\/#\\\/schema\\\/logo\\\/image\\\/\",\"url\":\"https:\\\/\\\/www.garciaelsener.com\\\/wp-content\\\/uploads\\\/2024\\\/02\\\/Garcia-Elsener-Steuerberater-Mallorca-Logo.jpg\",\"contentUrl\":\"https:\\\/\\\/www.garciaelsener.com\\\/wp-content\\\/uploads\\\/2024\\\/02\\\/Garcia-Elsener-Steuerberater-Mallorca-Logo.jpg\",\"width\":720,\"height\":720,\"caption\":\"Garcia Elsener Steuerberater auf Mallorca\"},\"image\":{\"@id\":\"https:\\\/\\\/www.garciaelsener.com\\\/#\\\/schema\\\/logo\\\/image\\\/\"}}]}<\/script>\n<!-- \/ Yoast SEO Premium plugin. -->","yoast_head_json":{"title":"International tax consultant - Garcia Elsener","description":"Welcome to Garcia Elsener, your trusted partner for international tax advice in Palma de Mallorca.","robots":{"index":"index","follow":"follow","max-snippet":"max-snippet:-1","max-image-preview":"max-image-preview:large","max-video-preview":"max-video-preview:-1"},"canonical":"https:\/\/www.garciaelsener.com\/en\/international-tax-consultant\/","og_locale":"en_GB","og_type":"article","og_title":"Internationaler Steuerberater","og_description":"Willkommen bei Garcia Elsener, Ihrem vertrauensw\u00fcrdigen Partner f\u00fcr internationale Steuerberater in Palma de Mallorca.","og_url":"https:\/\/www.garciaelsener.com\/en\/international-tax-consultant\/","og_site_name":"Garcia Elsener Steuerberater auf Mallorca","article_modified_time":"2024-05-14T09:46:35+00:00","og_image":[{"url":"https:\/\/www.garciaelsener.com\/wp-content\/uploads\/2024\/03\/Logo-Asociacion-Espanola-de-Asesores-Fiscales-1024x341.jpg","type":"","width":"","height":""}],"twitter_card":"summary_large_image","twitter_misc":{"Estimated reading time":"2 minutes"},"schema":{"@context":"https:\/\/schema.org","@graph":[{"@type":"WebPage","@id":"https:\/\/www.garciaelsener.com\/internationaler-steuerberater\/","url":"https:\/\/www.garciaelsener.com\/internationaler-steuerberater\/","name":"International tax consultant - Garcia Elsener","isPartOf":{"@id":"https:\/\/www.garciaelsener.com\/#website"},"primaryImageOfPage":{"@id":"https:\/\/www.garciaelsener.com\/internationaler-steuerberater\/#primaryimage"},"image":{"@id":"https:\/\/www.garciaelsener.com\/internationaler-steuerberater\/#primaryimage"},"thumbnailUrl":"https:\/\/www.garciaelsener.com\/wp-content\/uploads\/2024\/03\/Logo-Asociacion-Espanola-de-Asesores-Fiscales-1024x341.jpg","datePublished":"2024-04-17T08:25:02+00:00","dateModified":"2024-05-14T09:46:35+00:00","description":"Welcome to Garcia Elsener, your trusted partner for international tax advice in Palma de Mallorca.","breadcrumb":{"@id":"https:\/\/www.garciaelsener.com\/internationaler-steuerberater\/#breadcrumb"},"inLanguage":"en-GB","potentialAction":[{"@type":"ReadAction","target":["https:\/\/www.garciaelsener.com\/internationaler-steuerberater\/"]}]},{"@type":"ImageObject","inLanguage":"en-GB","@id":"https:\/\/www.garciaelsener.com\/internationaler-steuerberater\/#primaryimage","url":"https:\/\/www.garciaelsener.com\/wp-content\/uploads\/2024\/03\/Logo-Asociacion-Espanola-de-Asesores-Fiscales-1024x341.jpg","contentUrl":"https:\/\/www.garciaelsener.com\/wp-content\/uploads\/2024\/03\/Logo-Asociacion-Espanola-de-Asesores-Fiscales-1024x341.jpg"},{"@type":"BreadcrumbList","@id":"https:\/\/www.garciaelsener.com\/internationaler-steuerberater\/#breadcrumb","itemListElement":[{"@type":"ListItem","position":1,"name":"Portada","item":"https:\/\/www.garciaelsener.com\/"},{"@type":"ListItem","position":2,"name":"Internationaler Steuerberater"}]},{"@type":"WebSite","@id":"https:\/\/www.garciaelsener.com\/#website","url":"https:\/\/www.garciaelsener.com\/","name":"Garcia Elsener tax advisor in Mallorca","description":"","publisher":{"@id":"https:\/\/www.garciaelsener.com\/#organization"},"potentialAction":[{"@type":"SearchAction","target":{"@type":"EntryPoint","urlTemplate":"https:\/\/www.garciaelsener.com\/?s={search_term_string}"},"query-input":{"@type":"PropertyValueSpecification","valueRequired":true,"valueName":"search_term_string"}}],"inLanguage":"en-GB"},{"@type":"Organization","@id":"https:\/\/www.garciaelsener.com\/#organization","name":"Garcia Elsener tax advisor in Mallorca","alternateName":"Garcia Elsener","url":"https:\/\/www.garciaelsener.com\/","logo":{"@type":"ImageObject","inLanguage":"en-GB","@id":"https:\/\/www.garciaelsener.com\/#\/schema\/logo\/image\/","url":"https:\/\/www.garciaelsener.com\/wp-content\/uploads\/2024\/02\/Garcia-Elsener-Steuerberater-Mallorca-Logo.jpg","contentUrl":"https:\/\/www.garciaelsener.com\/wp-content\/uploads\/2024\/02\/Garcia-Elsener-Steuerberater-Mallorca-Logo.jpg","width":720,"height":720,"caption":"Garcia Elsener Steuerberater auf Mallorca"},"image":{"@id":"https:\/\/www.garciaelsener.com\/#\/schema\/logo\/image\/"}}]}},"uagb_featured_image_src":{"full":false,"thumbnail":false,"medium":false,"medium_large":false,"large":false,"1536x1536":false,"2048x2048":false,"trp-custom-language-flag":false},"uagb_author_info":{"display_name":"admin","author_link":"https:\/\/www.garciaelsener.com\/en\/author\/admin\/"},"uagb_comment_info":0,"uagb_excerpt":"In einer zunehmend globalisierten Welt ist es \u00fcblich, dass Menschen pers\u00f6nliche und wirtschaftliche Interessen in mehreren L\u00e4ndern haben. Dies macht eine Beratung auf dem Gebiet der internationalen Besteuerung erforderlich. In unserer Kanzlei befassen wir uns t\u00e4glich mit F\u00e4llen, die mit der Verlegung des Wohnsitzes aus dem Ausland nach Spanien zusammenh\u00e4ngen, vor allem von Deutschland nach&hellip;","_links":{"self":[{"href":"https:\/\/www.garciaelsener.com\/en\/wp-json\/wp\/v2\/pages\/2219","targetHints":{"allow":["GET"]}}],"collection":[{"href":"https:\/\/www.garciaelsener.com\/en\/wp-json\/wp\/v2\/pages"}],"about":[{"href":"https:\/\/www.garciaelsener.com\/en\/wp-json\/wp\/v2\/types\/page"}],"author":[{"embeddable":true,"href":"https:\/\/www.garciaelsener.com\/en\/wp-json\/wp\/v2\/users\/1"}],"replies":[{"embeddable":true,"href":"https:\/\/www.garciaelsener.com\/en\/wp-json\/wp\/v2\/comments?post=2219"}],"version-history":[{"count":14,"href":"https:\/\/www.garciaelsener.com\/en\/wp-json\/wp\/v2\/pages\/2219\/revisions"}],"predecessor-version":[{"id":2288,"href":"https:\/\/www.garciaelsener.com\/en\/wp-json\/wp\/v2\/pages\/2219\/revisions\/2288"}],"wp:attachment":[{"href":"https:\/\/www.garciaelsener.com\/en\/wp-json\/wp\/v2\/media?parent=2219"}],"curies":[{"name":"wp","href":"https:\/\/api.w.org\/{rel}","templated":true}]}}