{"id":2250,"date":"2024-04-24T10:39:52","date_gmt":"2024-04-24T08:39:52","guid":{"rendered":"https:\/\/www.garciaelsener.com\/?page_id=2250"},"modified":"2024-04-24T10:53:53","modified_gmt":"2024-04-24T08:53:53","slug":"erbschafts-und-schenkungsplanung","status":"publish","type":"page","link":"https:\/\/www.garciaelsener.com\/en\/erbschafts-und-schenkungsplanung\/","title":{"rendered":"Inheritance and Gift Planning"},"content":{"rendered":"<div class=\"wp-block-uagb-container uagb-block-7d3d1f4d alignfull uagb-is-root-container\">\n<div class=\"wp-block-uagb-container uagb-block-92f4eaef\">\n<div class=\"wp-block-uagb-info-box uagb-block-a690ef9c uagb-infobox__content-wrap  uagb-infobox-icon-above-title uagb-infobox-image-valign-top\"><div class=\"uagb-ifb-content\"><div class=\"uagb-ifb-title-wrap\"><div class=\"uagb-ifb-separator\"><\/div><h1 class=\"uagb-ifb-title\">Inheritance and Gift Planning<\/h1><\/div><p class=\"uagb-ifb-desc\">Creating efficient strategies to optimize your tax burden.<\/p><\/div><\/div>\n\n\n\n<div class=\"wp-block-uagb-buttons uagb-buttons__outer-wrap uagb-btn__default-btn uagb-btn-tablet__default-btn uagb-btn-mobile__default-btn uagb-block-ba801959\"><div class=\"uagb-buttons__wrap uagb-buttons-layout-wrap\">\n<div class=\"wp-block-uagb-buttons-child uagb-buttons__outer-wrap uagb-block-cafec7b5 wp-block-button\"><div class=\"uagb-button__wrapper\"><a class=\"uagb-buttons-repeater wp-block-button__link\" aria-label=\"\" href=\"tel:+34638261901\" rel=\"follow noopener\" target=\"_self\"><div class=\"uagb-button__link\">Contact us now<\/div><\/a><\/div><\/div>\n<\/div><\/div>\n<\/div>\n<\/div>\n\n\n\n<div class=\"wp-block-uagb-container uagb-block-2f1ba510 alignfull uagb-is-root-container\"><div class=\"uagb-container-inner-blocks-wrap\">\n<p style=\"margin-right:0;margin-left:0\"><\/p>\n\n\n\n<p class=\"has-medium-font-size\">From a certain age, it is highly advisable to start planning for succession early. There are various legal options for optimal succession, each with its own advantages and disadvantages, which may also depend on the region of Spain where the assets and rights to be inherited are located.<\/p>\n\n\n\n<p class=\"has-medium-font-size\">Therefore, we recommend planning a strategy early to avoid potential family conflicts and optimize the tax burden for the heirs.<\/p>\n<\/div><\/div>\n\n\n\n<div class=\"wp-block-uagb-container uagb-block-6222fef7 alignfull uagb-is-root-container\"><div class=\"uagb-container-inner-blocks-wrap\">\n<div class=\"wp-block-uagb-container uagb-block-97893255\">\n<h3 class=\"wp-block-heading has-text-align-center\" id=\"h-kontaktinformationen\" style=\"font-size:30px\">Contact Information<\/h3>\n\n\n\n<div class=\"wp-block-uagb-icon-list uagb-block-3beffe7b\"><div class=\"uagb-icon-list__wrap\">\n<div class=\"wp-block-uagb-icon-list-child uagb-block-5d2ae9a7\"><span class=\"uagb-icon-list__label\">GARCIA ELSENER | TAX ADVISOR<\/span><\/div>\n\n\n\n<div class=\"wp-block-uagb-icon-list-child uagb-block-ab04d4f2\"><a target=\"_blank\" aria-label=\"Pl. d&#039;Espanya, 11, 1\u00ba, Distrito Centro, 07002 Palma, Balearic Islands\" rel=\"noopener noreferrer\" href=\"https:\/\/maps.app.goo.gl\/fun3tvYS33bfkgY47\"> <\/a><span class=\"uagb-icon-list__label\">Pl. d'Espanya, 11, 1\u00ba, Distrito Centro, 07002 Palma, Balearic Islands<\/span><\/div>\n\n\n\n<div class=\"wp-block-uagb-icon-list-child uagb-block-a00c21af\"><a target=\"_self\" aria-label=\"+34 638 26 19 01\" rel=\"noopener noreferrer\" href=\"tel:+34638261901\"> <\/a><span class=\"uagb-icon-list__label\">+34 638 26 19 01<\/span><\/div>\n\n\n\n<div class=\"wp-block-uagb-icon-list-child uagb-block-daaef5fa\"><a target=\"_blank\" aria-label=\"www.garciaelsener.com\" rel=\"noopener noreferrer\" href=\"https:\/\/www.garciaelsener.com\"> <\/a><span class=\"uagb-icon-list__label\">www.garciaelsener.com<\/span><\/div>\n\n\n\n<div class=\"wp-block-uagb-icon-list-child uagb-block-c4e67353\"><a target=\"_blank\" aria-label=\"info@garciaelsener.com\" rel=\"noopener noreferrer\" href=\"mailto:info@garciaelsener.com\"> <\/a><span class=\"uagb-icon-list__label\">info@garciaelsener.com<\/span><\/div>\n<\/div><\/div>\n<\/div>\n\n\n\n<div class=\"wp-block-uagb-container uagb-block-d92d79a6\">\n<iframe src=\"https:\/\/www.google.com\/maps\/embed?pb=!1m18!1m12!1m3!1d3075.31165247485!2d2.6533249999999997!3d39.575126!2m3!1f0!2f0!3f0!3m2!1i1024!2i768!4f13.1!3m3!1m2!1s0x129793c4b3c7aac5%3A0xc82d8d92b172efed!2sGarcia%20Elsener%20Steuerberater%20Mallorca!5e0!3m2!1ses!2ses!4v1709809766691!5m2!1ses!2ses\" width=\"50%\" height=\"500\" style=\"border:0;\" allowfullscreen=\"\" loading=\"lazy\" referrerpolicy=\"no-referrer-when-downgrade\"><\/iframe>\n<\/div>\n<\/div><\/div>\n\n\n\n<div class=\"wp-block-columns has-ast-global-color-5-background-color has-background is-layout-flex wp-container-core-columns-is-layout-28f84493 wp-block-columns-is-layout-flex\">\n<div class=\"wp-block-column is-layout-flow wp-block-column-is-layout-flow\"><\/div>\n\n\n\n<div class=\"wp-block-column is-layout-flow wp-block-column-is-layout-flow\">\n<figure class=\"wp-block-image size-large is-resized\"><img loading=\"lazy\" decoding=\"async\" width=\"1024\" height=\"341\" src=\"https:\/\/www.garciaelsener.com\/wp-content\/uploads\/2024\/03\/Logo-Asociacion-Espanola-de-Asesores-Fiscales-1024x341.jpg\" alt=\"\" class=\"wp-image-1968\" style=\"width:375px;height:auto\" srcset=\"https:\/\/www.garciaelsener.com\/wp-content\/uploads\/2024\/03\/Logo-Asociacion-Espanola-de-Asesores-Fiscales-1024x341.jpg 1024w, https:\/\/www.garciaelsener.com\/wp-content\/uploads\/2024\/03\/Logo-Asociacion-Espanola-de-Asesores-Fiscales-300x100.jpg 300w, https:\/\/www.garciaelsener.com\/wp-content\/uploads\/2024\/03\/Logo-Asociacion-Espanola-de-Asesores-Fiscales-768x256.jpg 768w, https:\/\/www.garciaelsener.com\/wp-content\/uploads\/2024\/03\/Logo-Asociacion-Espanola-de-Asesores-Fiscales-1536x512.jpg 1536w, https:\/\/www.garciaelsener.com\/wp-content\/uploads\/2024\/03\/Logo-Asociacion-Espanola-de-Asesores-Fiscales-2048x683.jpg 2048w\" sizes=\"auto, (max-width: 1024px) 100vw, 1024px\" \/><\/figure>\n<\/div>\n\n\n\n<div class=\"wp-block-column is-layout-flow wp-block-column-is-layout-flow\">\n<figure class=\"wp-block-image size-large\"><img loading=\"lazy\" decoding=\"async\" width=\"1024\" height=\"316\" src=\"https:\/\/www.garciaelsener.com\/wp-content\/uploads\/2024\/03\/Logo-Colegio-de-economistas-de-Cataluna-1024x316.png\" alt=\"\" class=\"wp-image-1969\" srcset=\"https:\/\/www.garciaelsener.com\/wp-content\/uploads\/2024\/03\/Logo-Colegio-de-economistas-de-Cataluna-1024x316.png 1024w, https:\/\/www.garciaelsener.com\/wp-content\/uploads\/2024\/03\/Logo-Colegio-de-economistas-de-Cataluna-300x93.png 300w, https:\/\/www.garciaelsener.com\/wp-content\/uploads\/2024\/03\/Logo-Colegio-de-economistas-de-Cataluna-768x237.png 768w, https:\/\/www.garciaelsener.com\/wp-content\/uploads\/2024\/03\/Logo-Colegio-de-economistas-de-Cataluna-1536x474.png 1536w, https:\/\/www.garciaelsener.com\/wp-content\/uploads\/2024\/03\/Logo-Colegio-de-economistas-de-Cataluna.png 1902w\" sizes=\"auto, (max-width: 1024px) 100vw, 1024px\" \/><\/figure>\n<\/div>\n\n\n\n<div class=\"wp-block-column is-layout-flow wp-block-column-is-layout-flow\"><\/div>\n<\/div>","protected":false},"excerpt":{"rendered":"<p>Ab einem gewissen Alter ist es sehr ratsam, die Nachfolgeplanung fr\u00fchzeitig durchzuf\u00fchren. Es gibt verschiedene rechtliche Varianten f\u00fcr eine optimale Nachfolge. Alle haben ihre Vor- und Nachteile, die auch von der Region Spaniens abh\u00e4ngen, in der sich die zu vererbenden Verm\u00f6genswerte und Rechte befinden. Wir empfehlen daher, fr\u00fchzeitig eine Strategie zu planen, um einerseits m\u00f6gliche [&hellip;]<\/p>\n","protected":false},"author":1,"featured_media":1951,"parent":0,"menu_order":0,"comment_status":"closed","ping_status":"closed","template":"","meta":{"_uag_custom_page_level_css":"","site-sidebar-layout":"default","site-content-layout":"page-builder","ast-site-content-layout":"full-width-container","site-content-style":"unboxed","site-sidebar-style":"unboxed","ast-global-header-display":"","ast-banner-title-visibility":"","ast-main-header-display":"","ast-hfb-above-header-display":"","ast-hfb-below-header-display":"","ast-hfb-mobile-header-display":"","site-post-title":"disabled","ast-breadcrumbs-content":"","ast-featured-img":"","footer-sml-layout":"","ast-disable-related-posts":"","theme-transparent-header-meta":"enabled","adv-header-id-meta":"","stick-header-meta":"","header-above-stick-meta":"","header-main-stick-meta":"","header-below-stick-meta":"","astra-migrate-meta-layouts":"set","ast-page-background-enabled":"default","ast-page-background-meta":{"desktop":{"background-color":"var(--ast-global-color-4)","background-image":"","background-repeat":"repeat","background-position":"center center","background-size":"auto","background-attachment":"scroll","background-type":"","background-media":"","overlay-type":"","overlay-color":"","overlay-opacity":"","overlay-gradient":""},"tablet":{"background-color":"","background-image":"","background-repeat":"repeat","background-position":"center center","background-size":"auto","background-attachment":"scroll","background-type":"","background-media":"","overlay-type":"","overlay-color":"","overlay-opacity":"","overlay-gradient":""},"mobile":{"background-color":"","background-image":"","background-repeat":"repeat","background-position":"center center","background-size":"auto","background-attachment":"scroll","background-type":"","background-media":"","overlay-type":"","overlay-color":"","overlay-opacity":"","overlay-gradient":""}},"ast-content-background-meta":{"desktop":{"background-color":"var(--ast-global-color-5)","background-image":"","background-repeat":"repeat","background-position":"center center","background-size":"auto","background-attachment":"scroll","background-type":"","background-media":"","overlay-type":"","overlay-color":"","overlay-opacity":"","overlay-gradient":""},"tablet":{"background-color":"var(--ast-global-color-5)","background-image":"","background-repeat":"repeat","background-position":"center center","background-size":"auto","background-attachment":"scroll","background-type":"","background-media":"","overlay-type":"","overlay-color":"","overlay-opacity":"","overlay-gradient":""},"mobile":{"background-color":"var(--ast-global-color-5)","background-image":"","background-repeat":"repeat","background-position":"center center","background-size":"auto","background-attachment":"scroll","background-type":"","background-media":"","overlay-type":"","overlay-color":"","overlay-opacity":"","overlay-gradient":""}},"_joinchat":[],"footnotes":""},"class_list":["post-2250","page","type-page","status-publish","has-post-thumbnail","hentry"],"yoast_head":"<!-- This site is optimized with the Yoast SEO Premium plugin v23.2 (Yoast SEO v27.4) - https:\/\/yoast.com\/product\/yoast-seo-premium-wordpress\/ -->\n<title>Erbschafts und Schenkungsplanung | Garcia Elsener<\/title>\n<meta name=\"description\" content=\"Sind Sie deutscher Staatsb\u00fcrger und leben oder investieren auf Mallorca? Garcia Elsener, Ihr vertrauensw\u00fcrdiger Steuerberater auf Mallorca.\" \/>\n<meta name=\"robots\" content=\"index, follow, max-snippet:-1, max-image-preview:large, max-video-preview:-1\" \/>\n<link rel=\"canonical\" href=\"https:\/\/www.garciaelsener.com\/en\/erbschafts-und-schenkungsplanung\/\" \/>\n<meta property=\"og:locale\" content=\"en_GB\" \/>\n<meta property=\"og:type\" content=\"article\" \/>\n<meta property=\"og:title\" content=\"Erbschafts - und Schenkungsplanung\" \/>\n<meta property=\"og:description\" content=\"Sind Sie deutscher Staatsb\u00fcrger und leben oder investieren auf Mallorca? Garcia Elsener, Ihr vertrauensw\u00fcrdiger Steuerberater auf Mallorca.\" \/>\n<meta property=\"og:url\" content=\"https:\/\/www.garciaelsener.com\/en\/erbschafts-und-schenkungsplanung\/\" \/>\n<meta property=\"og:site_name\" content=\"Garcia Elsener Steuerberater auf Mallorca\" \/>\n<meta property=\"article:modified_time\" content=\"2024-04-24T08:53:53+00:00\" \/>\n<meta property=\"og:image\" content=\"https:\/\/www.garciaelsener.com\/wp-content\/uploads\/2024\/02\/Garcia-Elsener-Steuerberater-Mallorca-Logo.jpg\" \/>\n\t<meta property=\"og:image:width\" content=\"720\" \/>\n\t<meta property=\"og:image:height\" content=\"720\" \/>\n\t<meta property=\"og:image:type\" content=\"image\/jpeg\" \/>\n<meta name=\"twitter:card\" content=\"summary_large_image\" \/>\n<meta name=\"twitter:label1\" content=\"Estimated reading time\" \/>\n\t<meta name=\"twitter:data1\" content=\"2 minutes\" \/>\n<script type=\"application\/ld+json\" class=\"yoast-schema-graph\">{\"@context\":\"https:\\\/\\\/schema.org\",\"@graph\":[{\"@type\":\"WebPage\",\"@id\":\"https:\\\/\\\/www.garciaelsener.com\\\/erbschafts-und-schenkungsplanung\\\/\",\"url\":\"https:\\\/\\\/www.garciaelsener.com\\\/erbschafts-und-schenkungsplanung\\\/\",\"name\":\"Erbschafts und Schenkungsplanung | Garcia Elsener\",\"isPartOf\":{\"@id\":\"https:\\\/\\\/www.garciaelsener.com\\\/#website\"},\"primaryImageOfPage\":{\"@id\":\"https:\\\/\\\/www.garciaelsener.com\\\/erbschafts-und-schenkungsplanung\\\/#primaryimage\"},\"image\":{\"@id\":\"https:\\\/\\\/www.garciaelsener.com\\\/erbschafts-und-schenkungsplanung\\\/#primaryimage\"},\"thumbnailUrl\":\"https:\\\/\\\/www.garciaelsener.com\\\/wp-content\\\/uploads\\\/2024\\\/02\\\/Garcia-Elsener-Steuerberater-Mallorca-Logo.jpg\",\"datePublished\":\"2024-04-24T08:39:52+00:00\",\"dateModified\":\"2024-04-24T08:53:53+00:00\",\"description\":\"Sind Sie deutscher Staatsb\u00fcrger und leben oder investieren auf Mallorca? Garcia Elsener, Ihr vertrauensw\u00fcrdiger Steuerberater auf Mallorca.\",\"breadcrumb\":{\"@id\":\"https:\\\/\\\/www.garciaelsener.com\\\/erbschafts-und-schenkungsplanung\\\/#breadcrumb\"},\"inLanguage\":\"en-GB\",\"potentialAction\":[{\"@type\":\"ReadAction\",\"target\":[\"https:\\\/\\\/www.garciaelsener.com\\\/erbschafts-und-schenkungsplanung\\\/\"]}]},{\"@type\":\"ImageObject\",\"inLanguage\":\"en-GB\",\"@id\":\"https:\\\/\\\/www.garciaelsener.com\\\/erbschafts-und-schenkungsplanung\\\/#primaryimage\",\"url\":\"https:\\\/\\\/www.garciaelsener.com\\\/wp-content\\\/uploads\\\/2024\\\/02\\\/Garcia-Elsener-Steuerberater-Mallorca-Logo.jpg\",\"contentUrl\":\"https:\\\/\\\/www.garciaelsener.com\\\/wp-content\\\/uploads\\\/2024\\\/02\\\/Garcia-Elsener-Steuerberater-Mallorca-Logo.jpg\",\"width\":720,\"height\":720,\"caption\":\"Garcia Elsener Steuerberater Mallorca Logo\"},{\"@type\":\"BreadcrumbList\",\"@id\":\"https:\\\/\\\/www.garciaelsener.com\\\/erbschafts-und-schenkungsplanung\\\/#breadcrumb\",\"itemListElement\":[{\"@type\":\"ListItem\",\"position\":1,\"name\":\"Portada\",\"item\":\"https:\\\/\\\/www.garciaelsener.com\\\/\"},{\"@type\":\"ListItem\",\"position\":2,\"name\":\"Erbschafts &#8211; und Schenkungsplanung\"}]},{\"@type\":\"WebSite\",\"@id\":\"https:\\\/\\\/www.garciaelsener.com\\\/#website\",\"url\":\"https:\\\/\\\/www.garciaelsener.com\\\/\",\"name\":\"Garcia Elsener Steuerberater auf Mallorca\",\"description\":\"\",\"publisher\":{\"@id\":\"https:\\\/\\\/www.garciaelsener.com\\\/#organization\"},\"potentialAction\":[{\"@type\":\"SearchAction\",\"target\":{\"@type\":\"EntryPoint\",\"urlTemplate\":\"https:\\\/\\\/www.garciaelsener.com\\\/?s={search_term_string}\"},\"query-input\":{\"@type\":\"PropertyValueSpecification\",\"valueRequired\":true,\"valueName\":\"search_term_string\"}}],\"inLanguage\":\"en-GB\"},{\"@type\":\"Organization\",\"@id\":\"https:\\\/\\\/www.garciaelsener.com\\\/#organization\",\"name\":\"Garcia Elsener Steuerberater auf Mallorca\",\"alternateName\":\"Garcia Elsener\",\"url\":\"https:\\\/\\\/www.garciaelsener.com\\\/\",\"logo\":{\"@type\":\"ImageObject\",\"inLanguage\":\"en-GB\",\"@id\":\"https:\\\/\\\/www.garciaelsener.com\\\/#\\\/schema\\\/logo\\\/image\\\/\",\"url\":\"https:\\\/\\\/www.garciaelsener.com\\\/wp-content\\\/uploads\\\/2024\\\/02\\\/Garcia-Elsener-Steuerberater-Mallorca-Logo.jpg\",\"contentUrl\":\"https:\\\/\\\/www.garciaelsener.com\\\/wp-content\\\/uploads\\\/2024\\\/02\\\/Garcia-Elsener-Steuerberater-Mallorca-Logo.jpg\",\"width\":720,\"height\":720,\"caption\":\"Garcia Elsener Steuerberater auf Mallorca\"},\"image\":{\"@id\":\"https:\\\/\\\/www.garciaelsener.com\\\/#\\\/schema\\\/logo\\\/image\\\/\"}}]}<\/script>\n<!-- \/ Yoast SEO Premium plugin. -->","yoast_head_json":{"title":"Inheritance and Gift Planning","description":"Are you a German citizen living or investing in Mallorca? Garcia Elsener, your trusted tax advisor in Mallorca.","robots":{"index":"index","follow":"follow","max-snippet":"max-snippet:-1","max-image-preview":"max-image-preview:large","max-video-preview":"max-video-preview:-1"},"canonical":"https:\/\/www.garciaelsener.com\/en\/erbschafts-und-schenkungsplanung\/","og_locale":"en_GB","og_type":"article","og_title":"Erbschafts - und Schenkungsplanung","og_description":"Sind Sie deutscher Staatsb\u00fcrger und leben oder investieren auf Mallorca? Garcia Elsener, Ihr vertrauensw\u00fcrdiger Steuerberater auf Mallorca.","og_url":"https:\/\/www.garciaelsener.com\/en\/erbschafts-und-schenkungsplanung\/","og_site_name":"Garcia Elsener Steuerberater auf Mallorca","article_modified_time":"2024-04-24T08:53:53+00:00","og_image":[{"width":720,"height":720,"url":"https:\/\/www.garciaelsener.com\/wp-content\/uploads\/2024\/02\/Garcia-Elsener-Steuerberater-Mallorca-Logo.jpg","type":"image\/jpeg"}],"twitter_card":"summary_large_image","twitter_misc":{"Estimated reading time":"2 minutes"},"schema":{"@context":"https:\/\/schema.org","@graph":[{"@type":"WebPage","@id":"https:\/\/www.garciaelsener.com\/erbschafts-und-schenkungsplanung\/","url":"https:\/\/www.garciaelsener.com\/erbschafts-und-schenkungsplanung\/","name":"Inheritance and Gift Planning","isPartOf":{"@id":"https:\/\/www.garciaelsener.com\/#website"},"primaryImageOfPage":{"@id":"https:\/\/www.garciaelsener.com\/erbschafts-und-schenkungsplanung\/#primaryimage"},"image":{"@id":"https:\/\/www.garciaelsener.com\/erbschafts-und-schenkungsplanung\/#primaryimage"},"thumbnailUrl":"https:\/\/www.garciaelsener.com\/wp-content\/uploads\/2024\/02\/Garcia-Elsener-Steuerberater-Mallorca-Logo.jpg","datePublished":"2024-04-24T08:39:52+00:00","dateModified":"2024-04-24T08:53:53+00:00","description":"Are you a German citizen living or investing in Mallorca? Garcia Elsener, your trusted tax advisor in Mallorca.","breadcrumb":{"@id":"https:\/\/www.garciaelsener.com\/erbschafts-und-schenkungsplanung\/#breadcrumb"},"inLanguage":"en-GB","potentialAction":[{"@type":"ReadAction","target":["https:\/\/www.garciaelsener.com\/erbschafts-und-schenkungsplanung\/"]}]},{"@type":"ImageObject","inLanguage":"en-GB","@id":"https:\/\/www.garciaelsener.com\/erbschafts-und-schenkungsplanung\/#primaryimage","url":"https:\/\/www.garciaelsener.com\/wp-content\/uploads\/2024\/02\/Garcia-Elsener-Steuerberater-Mallorca-Logo.jpg","contentUrl":"https:\/\/www.garciaelsener.com\/wp-content\/uploads\/2024\/02\/Garcia-Elsener-Steuerberater-Mallorca-Logo.jpg","width":720,"height":720,"caption":"Garcia Elsener Steuerberater Mallorca Logo"},{"@type":"BreadcrumbList","@id":"https:\/\/www.garciaelsener.com\/erbschafts-und-schenkungsplanung\/#breadcrumb","itemListElement":[{"@type":"ListItem","position":1,"name":"Portada","item":"https:\/\/www.garciaelsener.com\/"},{"@type":"ListItem","position":2,"name":"Erbschafts &#8211; und Schenkungsplanung"}]},{"@type":"WebSite","@id":"https:\/\/www.garciaelsener.com\/#website","url":"https:\/\/www.garciaelsener.com\/","name":"Garcia Elsener tax advisor in Mallorca","description":"","publisher":{"@id":"https:\/\/www.garciaelsener.com\/#organization"},"potentialAction":[{"@type":"SearchAction","target":{"@type":"EntryPoint","urlTemplate":"https:\/\/www.garciaelsener.com\/?s={search_term_string}"},"query-input":{"@type":"PropertyValueSpecification","valueRequired":true,"valueName":"search_term_string"}}],"inLanguage":"en-GB"},{"@type":"Organization","@id":"https:\/\/www.garciaelsener.com\/#organization","name":"Garcia Elsener tax advisor in Mallorca","alternateName":"Garcia Elsener","url":"https:\/\/www.garciaelsener.com\/","logo":{"@type":"ImageObject","inLanguage":"en-GB","@id":"https:\/\/www.garciaelsener.com\/#\/schema\/logo\/image\/","url":"https:\/\/www.garciaelsener.com\/wp-content\/uploads\/2024\/02\/Garcia-Elsener-Steuerberater-Mallorca-Logo.jpg","contentUrl":"https:\/\/www.garciaelsener.com\/wp-content\/uploads\/2024\/02\/Garcia-Elsener-Steuerberater-Mallorca-Logo.jpg","width":720,"height":720,"caption":"Garcia Elsener Steuerberater auf Mallorca"},"image":{"@id":"https:\/\/www.garciaelsener.com\/#\/schema\/logo\/image\/"}}]}},"uagb_featured_image_src":{"full":["https:\/\/www.garciaelsener.com\/wp-content\/uploads\/2024\/02\/Garcia-Elsener-Steuerberater-Mallorca-Logo.jpg",720,720,false],"thumbnail":["https:\/\/www.garciaelsener.com\/wp-content\/uploads\/2024\/02\/Garcia-Elsener-Steuerberater-Mallorca-Logo-150x150.jpg",150,150,true],"medium":["https:\/\/www.garciaelsener.com\/wp-content\/uploads\/2024\/02\/Garcia-Elsener-Steuerberater-Mallorca-Logo-300x300.jpg",300,300,true],"medium_large":["https:\/\/www.garciaelsener.com\/wp-content\/uploads\/2024\/02\/Garcia-Elsener-Steuerberater-Mallorca-Logo.jpg",720,720,false],"large":["https:\/\/www.garciaelsener.com\/wp-content\/uploads\/2024\/02\/Garcia-Elsener-Steuerberater-Mallorca-Logo.jpg",720,720,false],"1536x1536":["https:\/\/www.garciaelsener.com\/wp-content\/uploads\/2024\/02\/Garcia-Elsener-Steuerberater-Mallorca-Logo.jpg",720,720,false],"2048x2048":["https:\/\/www.garciaelsener.com\/wp-content\/uploads\/2024\/02\/Garcia-Elsener-Steuerberater-Mallorca-Logo.jpg",720,720,false],"trp-custom-language-flag":["https:\/\/www.garciaelsener.com\/wp-content\/uploads\/2024\/02\/Garcia-Elsener-Steuerberater-Mallorca-Logo-12x12.jpg",12,12,true]},"uagb_author_info":{"display_name":"admin","author_link":"https:\/\/www.garciaelsener.com\/en\/author\/admin\/"},"uagb_comment_info":0,"uagb_excerpt":"Ab einem gewissen Alter ist es sehr ratsam, die Nachfolgeplanung fr\u00fchzeitig durchzuf\u00fchren. Es gibt verschiedene rechtliche Varianten f\u00fcr eine optimale Nachfolge. Alle haben ihre Vor- und Nachteile, die auch von der Region Spaniens abh\u00e4ngen, in der sich die zu vererbenden Verm\u00f6genswerte und Rechte befinden. Wir empfehlen daher, fr\u00fchzeitig eine Strategie zu planen, um einerseits m\u00f6gliche&hellip;","_links":{"self":[{"href":"https:\/\/www.garciaelsener.com\/en\/wp-json\/wp\/v2\/pages\/2250","targetHints":{"allow":["GET"]}}],"collection":[{"href":"https:\/\/www.garciaelsener.com\/en\/wp-json\/wp\/v2\/pages"}],"about":[{"href":"https:\/\/www.garciaelsener.com\/en\/wp-json\/wp\/v2\/types\/page"}],"author":[{"embeddable":true,"href":"https:\/\/www.garciaelsener.com\/en\/wp-json\/wp\/v2\/users\/1"}],"replies":[{"embeddable":true,"href":"https:\/\/www.garciaelsener.com\/en\/wp-json\/wp\/v2\/comments?post=2250"}],"version-history":[{"count":7,"href":"https:\/\/www.garciaelsener.com\/en\/wp-json\/wp\/v2\/pages\/2250\/revisions"}],"predecessor-version":[{"id":2264,"href":"https:\/\/www.garciaelsener.com\/en\/wp-json\/wp\/v2\/pages\/2250\/revisions\/2264"}],"wp:featuredmedia":[{"embeddable":true,"href":"https:\/\/www.garciaelsener.com\/en\/wp-json\/wp\/v2\/media\/1951"}],"wp:attachment":[{"href":"https:\/\/www.garciaelsener.com\/en\/wp-json\/wp\/v2\/media?parent=2250"}],"curies":[{"name":"wp","href":"https:\/\/api.w.org\/{rel}","templated":true}]}}