{"id":2553,"date":"2026-03-16T10:47:56","date_gmt":"2026-03-16T09:47:56","guid":{"rendered":"https:\/\/www.garciaelsener.com\/?page_id=2553"},"modified":"2026-03-16T11:09:36","modified_gmt":"2026-03-16T10:09:36","slug":"kooperationspartner-1","status":"publish","type":"page","link":"https:\/\/www.garciaelsener.com\/en\/kooperationspartner-1\/","title":{"rendered":"Kooperationspartner"},"content":{"rendered":"<div class=\"wp-block-uagb-container uagb-block-7d3d1f4d alignfull uagb-is-root-container\">\n<div class=\"wp-block-uagb-container uagb-block-92f4eaef\">\n<div class=\"wp-block-uagb-info-box uagb-block-a690ef9c uagb-infobox__content-wrap  uagb-infobox-icon-above-title uagb-infobox-image-valign-top\"><div class=\"uagb-ifb-content\"><div class=\"uagb-ifb-title-wrap\"><div class=\"uagb-ifb-separator\"><\/div><h1 class=\"uagb-ifb-title\"><strong>Starke Partnerschaften f\u00fcr eine ganzheitliche Beratung<\/strong><\/h1><\/div><\/div><\/div>\n\n\n\n<div class=\"wp-block-uagb-buttons uagb-buttons__outer-wrap uagb-btn__default-btn uagb-btn-tablet__default-btn uagb-btn-mobile__default-btn uagb-block-ba801959\"><div class=\"uagb-buttons__wrap uagb-buttons-layout-wrap\">\n<div class=\"wp-block-uagb-buttons-child uagb-buttons__outer-wrap uagb-block-cafec7b5 wp-block-button\"><div class=\"uagb-button__wrapper\"><a class=\"uagb-buttons-repeater wp-block-button__link\" aria-label=\"\" href=\"https:\/\/www.garciaelsener.com\/kontakt\/\" rel=\"follow noopener\" target=\"_self\" role=\"button\"><div class=\"uagb-button__link\">Contact us now<\/div><\/a><\/div><\/div>\n<\/div><\/div>\n<\/div>\n<\/div>\n\n\n\n<div class=\"wp-block-uagb-container uagb-block-60101b90 alignfull uagb-is-root-container\">\n<div class=\"wp-block-uagb-container uagb-block-e5f31437 alignfull uagb-is-root-container\"><div class=\"uagb-container-inner-blocks-wrap\">\n<h2 class=\"wp-block-heading\" id=\"h-starke-partnerschaften-fur-eine-ganzheitliche-beratung\"><strong>Starke Partnerschaften f\u00fcr eine ganzheitliche Beratung<\/strong><\/h2>\n\n\n\n<p class=\"has-medium-font-size\">Moderne Beratung bedeutet interdisziplin\u00e4re Zusammenarbeit. Um unseren Mandanten in allen steuerlichen und rechtlichen Fragestellungen h\u00f6chste Sicherheit zu bieten, setzt Garcia Elsener auf ein sorgf\u00e4ltig aufgebautes Netzwerk spezialisierter Partner.<\/p>\n\n\n\n<p class=\"has-medium-font-size\">So entsteht eine ganzheitliche Betreuung, die \u00fcber klassische Steuerberatung hinausgeht und nachhaltige L\u00f6sungen schafft.<\/p>\n\n\n\n<p><\/p>\n\n\n\n<div class=\"wp-block-uagb-container uagb-block-uslf3eac alignfull uagb-is-root-container\"><div class=\"uagb-container-inner-blocks-wrap\">\n<div class=\"wp-block-uagb-container uagb-block-whn639n6\">\n<div class=\"wp-block-uagb-container uagb-block-j0m5cq4k\">\n<div class=\"wp-block-uagb-info-box uagb-block-phcnqcj9 uagb-infobox__content-wrap  uagb-infobox-icon-above-title uagb-infobox-image-valign-top\"><div class=\"uagb-ifb-content\"><div class=\"uagb-ifb-title-wrap\"><p class=\"uagb-ifb-title\"><a href=\"https:\/\/rebaudo.com\/\" type=\"link\" id=\"https:\/\/rebaudo.com\/\">Pieregidio Rebaudo<\/a><\/p><\/div><p class=\"uagb-ifb-desc\"><em>Rechtsanwalt f\u00fcr Immobilienrecht<\/em><\/p><\/div><\/div>\n<\/div>\n<\/div>\n\n\n\n<div class=\"wp-block-uagb-container uagb-block-vgdd1emn\">\n<div class=\"wp-block-uagb-container uagb-block-1yft7ima\">\n<div class=\"wp-block-uagb-info-box uagb-block-ao7sf10a uagb-infobox__content-wrap  uagb-infobox-icon-above-title uagb-infobox-image-valign-top\"><div class=\"uagb-ifb-content\"><div class=\"uagb-ifb-title-wrap\"><p class=\"uagb-ifb-title\"><a href=\"https:\/\/www.fukurolegal.com\/de\">Jorge Aguero Lafora<\/a><\/p><\/div><p class=\"uagb-ifb-desc\">Rechtsanwalt f\u00fcr Strafrecht<\/p><\/div><\/div>\n<\/div>\n<\/div>\n<\/div><\/div>\n<\/div><\/div>\n<\/div>\n\n\n\n<p><\/p>\n\n\n\n<p><\/p>","protected":false},"excerpt":{"rendered":"<p>Starke Partnerschaften f\u00fcr eine ganzheitliche Beratung Moderne Beratung bedeutet interdisziplin\u00e4re Zusammenarbeit. Um unseren Mandanten in allen steuerlichen und rechtlichen Fragestellungen h\u00f6chste Sicherheit zu bieten, setzt Garcia Elsener auf ein sorgf\u00e4ltig aufgebautes Netzwerk spezialisierter Partner. So entsteht eine ganzheitliche Betreuung, die \u00fcber klassische Steuerberatung hinausgeht und nachhaltige L\u00f6sungen schafft.<\/p>","protected":false},"author":1,"featured_media":0,"parent":0,"menu_order":0,"comment_status":"closed","ping_status":"closed","template":"","meta":{"_uag_custom_page_level_css":"","site-sidebar-layout":"default","site-content-layout":"page-builder","ast-site-content-layout":"full-width-container","site-content-style":"unboxed","site-sidebar-style":"unboxed","ast-global-header-display":"","ast-banner-title-visibility":"","ast-main-header-display":"","ast-hfb-above-header-display":"","ast-hfb-below-header-display":"","ast-hfb-mobile-header-display":"","site-post-title":"disabled","ast-breadcrumbs-content":"","ast-featured-img":"","footer-sml-layout":"","ast-disable-related-posts":"","theme-transparent-header-meta":"enabled","adv-header-id-meta":"","stick-header-meta":"","header-above-stick-meta":"","header-main-stick-meta":"","header-below-stick-meta":"","astra-migrate-meta-layouts":"set","ast-page-background-enabled":"default","ast-page-background-meta":{"desktop":{"background-color":"var(--ast-global-color-4)","background-image":"","background-repeat":"repeat","background-position":"center center","background-size":"auto","background-attachment":"scroll","background-type":"","background-media":"","overlay-type":"","overlay-color":"","overlay-opacity":"","overlay-gradient":""},"tablet":{"background-color":"","background-image":"","background-repeat":"repeat","background-position":"center center","background-size":"auto","background-attachment":"scroll","background-type":"","background-media":"","overlay-type":"","overlay-color":"","overlay-opacity":"","overlay-gradient":""},"mobile":{"background-color":"","background-image":"","background-repeat":"repeat","background-position":"center center","background-size":"auto","background-attachment":"scroll","background-type":"","background-media":"","overlay-type":"","overlay-color":"","overlay-opacity":"","overlay-gradient":""}},"ast-content-background-meta":{"desktop":{"background-color":"var(--ast-global-color-5)","background-image":"","background-repeat":"repeat","background-position":"center center","background-size":"auto","background-attachment":"scroll","background-type":"","background-media":"","overlay-type":"","overlay-color":"","overlay-opacity":"","overlay-gradient":""},"tablet":{"background-color":"var(--ast-global-color-5)","background-image":"","background-repeat":"repeat","background-position":"center center","background-size":"auto","background-attachment":"scroll","background-type":"","background-media":"","overlay-type":"","overlay-color":"","overlay-opacity":"","overlay-gradient":""},"mobile":{"background-color":"var(--ast-global-color-5)","background-image":"","background-repeat":"repeat","background-position":"center center","background-size":"auto","background-attachment":"scroll","background-type":"","background-media":"","overlay-type":"","overlay-color":"","overlay-opacity":"","overlay-gradient":""}},"_joinchat":[],"footnotes":""},"class_list":["post-2553","page","type-page","status-publish","hentry"],"yoast_head":"<!-- This site is optimized with the Yoast SEO Premium plugin v23.2 (Yoast SEO v27.3) - https:\/\/yoast.com\/product\/yoast-seo-premium-wordpress\/ -->\n<title>Kooperationspartner - Garcia Elsener Steuerberater<\/title>\n<meta name=\"description\" content=\"Dank eines starken Netzwerks spezialisierter Partner bietet Garcia Elsener umfassende steuerliche und rechtliche Beratung.\" \/>\n<meta name=\"robots\" content=\"index, follow, max-snippet:-1, max-image-preview:large, max-video-preview:-1\" \/>\n<link rel=\"canonical\" href=\"https:\/\/www.garciaelsener.com\/en\/kooperationspartner-1\/\" \/>\n<meta property=\"og:locale\" content=\"en_GB\" \/>\n<meta property=\"og:type\" content=\"article\" \/>\n<meta property=\"og:title\" content=\"Kooperationspartner\" \/>\n<meta property=\"og:description\" content=\"Dank eines starken Netzwerks spezialisierter Partner bietet Garcia Elsener umfassende steuerliche und rechtliche Beratung.\" \/>\n<meta property=\"og:url\" content=\"https:\/\/www.garciaelsener.com\/en\/kooperationspartner-1\/\" \/>\n<meta property=\"og:site_name\" content=\"Garcia Elsener Steuerberater auf Mallorca\" \/>\n<meta property=\"article:modified_time\" content=\"2026-03-16T10:09:36+00:00\" \/>\n<meta name=\"twitter:card\" content=\"summary_large_image\" \/>\n<meta name=\"twitter:label1\" content=\"Estimated reading time\" \/>\n\t<meta name=\"twitter:data1\" content=\"1 minute\" \/>\n<script type=\"application\/ld+json\" class=\"yoast-schema-graph\">{\"@context\":\"https:\\\/\\\/schema.org\",\"@graph\":[{\"@type\":\"WebPage\",\"@id\":\"https:\\\/\\\/www.garciaelsener.com\\\/kooperationspartner-1\\\/\",\"url\":\"https:\\\/\\\/www.garciaelsener.com\\\/kooperationspartner-1\\\/\",\"name\":\"Kooperationspartner - Garcia Elsener Steuerberater\",\"isPartOf\":{\"@id\":\"https:\\\/\\\/www.garciaelsener.com\\\/#website\"},\"datePublished\":\"2026-03-16T09:47:56+00:00\",\"dateModified\":\"2026-03-16T10:09:36+00:00\",\"description\":\"Dank eines starken Netzwerks spezialisierter Partner bietet Garcia Elsener umfassende steuerliche und rechtliche Beratung.\",\"breadcrumb\":{\"@id\":\"https:\\\/\\\/www.garciaelsener.com\\\/kooperationspartner-1\\\/#breadcrumb\"},\"inLanguage\":\"en-GB\",\"potentialAction\":[{\"@type\":\"ReadAction\",\"target\":[\"https:\\\/\\\/www.garciaelsener.com\\\/kooperationspartner-1\\\/\"]}]},{\"@type\":\"BreadcrumbList\",\"@id\":\"https:\\\/\\\/www.garciaelsener.com\\\/kooperationspartner-1\\\/#breadcrumb\",\"itemListElement\":[{\"@type\":\"ListItem\",\"position\":1,\"name\":\"Portada\",\"item\":\"https:\\\/\\\/www.garciaelsener.com\\\/\"},{\"@type\":\"ListItem\",\"position\":2,\"name\":\"Kooperationspartner\"}]},{\"@type\":\"WebSite\",\"@id\":\"https:\\\/\\\/www.garciaelsener.com\\\/#website\",\"url\":\"https:\\\/\\\/www.garciaelsener.com\\\/\",\"name\":\"Garcia Elsener Steuerberater auf Mallorca\",\"description\":\"\",\"publisher\":{\"@id\":\"https:\\\/\\\/www.garciaelsener.com\\\/#organization\"},\"potentialAction\":[{\"@type\":\"SearchAction\",\"target\":{\"@type\":\"EntryPoint\",\"urlTemplate\":\"https:\\\/\\\/www.garciaelsener.com\\\/?s={search_term_string}\"},\"query-input\":{\"@type\":\"PropertyValueSpecification\",\"valueRequired\":true,\"valueName\":\"search_term_string\"}}],\"inLanguage\":\"en-GB\"},{\"@type\":\"Organization\",\"@id\":\"https:\\\/\\\/www.garciaelsener.com\\\/#organization\",\"name\":\"Garcia Elsener Steuerberater auf Mallorca\",\"alternateName\":\"Garcia Elsener\",\"url\":\"https:\\\/\\\/www.garciaelsener.com\\\/\",\"logo\":{\"@type\":\"ImageObject\",\"inLanguage\":\"en-GB\",\"@id\":\"https:\\\/\\\/www.garciaelsener.com\\\/#\\\/schema\\\/logo\\\/image\\\/\",\"url\":\"https:\\\/\\\/www.garciaelsener.com\\\/wp-content\\\/uploads\\\/2024\\\/02\\\/Garcia-Elsener-Steuerberater-Mallorca-Logo.jpg\",\"contentUrl\":\"https:\\\/\\\/www.garciaelsener.com\\\/wp-content\\\/uploads\\\/2024\\\/02\\\/Garcia-Elsener-Steuerberater-Mallorca-Logo.jpg\",\"width\":720,\"height\":720,\"caption\":\"Garcia Elsener Steuerberater auf Mallorca\"},\"image\":{\"@id\":\"https:\\\/\\\/www.garciaelsener.com\\\/#\\\/schema\\\/logo\\\/image\\\/\"}}]}<\/script>\n<!-- \/ Yoast SEO Premium plugin. -->","yoast_head_json":{"title":"Kooperationspartner - Garcia Elsener Steuerberater","description":"Dank eines starken Netzwerks spezialisierter Partner bietet Garcia Elsener umfassende steuerliche und rechtliche Beratung.","robots":{"index":"index","follow":"follow","max-snippet":"max-snippet:-1","max-image-preview":"max-image-preview:large","max-video-preview":"max-video-preview:-1"},"canonical":"https:\/\/www.garciaelsener.com\/en\/kooperationspartner-1\/","og_locale":"en_GB","og_type":"article","og_title":"Kooperationspartner","og_description":"Dank eines starken Netzwerks spezialisierter Partner bietet Garcia Elsener umfassende steuerliche und rechtliche Beratung.","og_url":"https:\/\/www.garciaelsener.com\/en\/kooperationspartner-1\/","og_site_name":"Garcia Elsener Steuerberater auf Mallorca","article_modified_time":"2026-03-16T10:09:36+00:00","twitter_card":"summary_large_image","twitter_misc":{"Estimated reading time":"1 minute"},"schema":{"@context":"https:\/\/schema.org","@graph":[{"@type":"WebPage","@id":"https:\/\/www.garciaelsener.com\/kooperationspartner-1\/","url":"https:\/\/www.garciaelsener.com\/kooperationspartner-1\/","name":"Kooperationspartner - Garcia Elsener Steuerberater","isPartOf":{"@id":"https:\/\/www.garciaelsener.com\/#website"},"datePublished":"2026-03-16T09:47:56+00:00","dateModified":"2026-03-16T10:09:36+00:00","description":"Dank eines starken Netzwerks spezialisierter Partner bietet Garcia Elsener umfassende steuerliche und rechtliche Beratung.","breadcrumb":{"@id":"https:\/\/www.garciaelsener.com\/kooperationspartner-1\/#breadcrumb"},"inLanguage":"en-GB","potentialAction":[{"@type":"ReadAction","target":["https:\/\/www.garciaelsener.com\/kooperationspartner-1\/"]}]},{"@type":"BreadcrumbList","@id":"https:\/\/www.garciaelsener.com\/kooperationspartner-1\/#breadcrumb","itemListElement":[{"@type":"ListItem","position":1,"name":"Portada","item":"https:\/\/www.garciaelsener.com\/"},{"@type":"ListItem","position":2,"name":"Kooperationspartner"}]},{"@type":"WebSite","@id":"https:\/\/www.garciaelsener.com\/#website","url":"https:\/\/www.garciaelsener.com\/","name":"Garcia Elsener tax advisor in Mallorca","description":"","publisher":{"@id":"https:\/\/www.garciaelsener.com\/#organization"},"potentialAction":[{"@type":"SearchAction","target":{"@type":"EntryPoint","urlTemplate":"https:\/\/www.garciaelsener.com\/?s={search_term_string}"},"query-input":{"@type":"PropertyValueSpecification","valueRequired":true,"valueName":"search_term_string"}}],"inLanguage":"en-GB"},{"@type":"Organization","@id":"https:\/\/www.garciaelsener.com\/#organization","name":"Garcia Elsener tax advisor in Mallorca","alternateName":"Garcia Elsener","url":"https:\/\/www.garciaelsener.com\/","logo":{"@type":"ImageObject","inLanguage":"en-GB","@id":"https:\/\/www.garciaelsener.com\/#\/schema\/logo\/image\/","url":"https:\/\/www.garciaelsener.com\/wp-content\/uploads\/2024\/02\/Garcia-Elsener-Steuerberater-Mallorca-Logo.jpg","contentUrl":"https:\/\/www.garciaelsener.com\/wp-content\/uploads\/2024\/02\/Garcia-Elsener-Steuerberater-Mallorca-Logo.jpg","width":720,"height":720,"caption":"Garcia Elsener Steuerberater auf Mallorca"},"image":{"@id":"https:\/\/www.garciaelsener.com\/#\/schema\/logo\/image\/"}}]}},"uagb_featured_image_src":{"full":false,"thumbnail":false,"medium":false,"medium_large":false,"large":false,"1536x1536":false,"2048x2048":false,"trp-custom-language-flag":false},"uagb_author_info":{"display_name":"admin","author_link":"https:\/\/www.garciaelsener.com\/en\/author\/admin\/"},"uagb_comment_info":0,"uagb_excerpt":"Starke Partnerschaften f\u00fcr eine ganzheitliche Beratung Moderne Beratung bedeutet interdisziplin\u00e4re Zusammenarbeit. Um unseren Mandanten in allen steuerlichen und rechtlichen Fragestellungen h\u00f6chste Sicherheit zu bieten, setzt Garcia Elsener auf ein sorgf\u00e4ltig aufgebautes Netzwerk spezialisierter Partner. So entsteht eine ganzheitliche Betreuung, die \u00fcber klassische Steuerberatung hinausgeht und nachhaltige L\u00f6sungen schafft.","_links":{"self":[{"href":"https:\/\/www.garciaelsener.com\/en\/wp-json\/wp\/v2\/pages\/2553","targetHints":{"allow":["GET"]}}],"collection":[{"href":"https:\/\/www.garciaelsener.com\/en\/wp-json\/wp\/v2\/pages"}],"about":[{"href":"https:\/\/www.garciaelsener.com\/en\/wp-json\/wp\/v2\/types\/page"}],"author":[{"embeddable":true,"href":"https:\/\/www.garciaelsener.com\/en\/wp-json\/wp\/v2\/users\/1"}],"replies":[{"embeddable":true,"href":"https:\/\/www.garciaelsener.com\/en\/wp-json\/wp\/v2\/comments?post=2553"}],"version-history":[{"count":10,"href":"https:\/\/www.garciaelsener.com\/en\/wp-json\/wp\/v2\/pages\/2553\/revisions"}],"predecessor-version":[{"id":2569,"href":"https:\/\/www.garciaelsener.com\/en\/wp-json\/wp\/v2\/pages\/2553\/revisions\/2569"}],"wp:attachment":[{"href":"https:\/\/www.garciaelsener.com\/en\/wp-json\/wp\/v2\/media?parent=2553"}],"curies":[{"name":"wp","href":"https:\/\/api.w.org\/{rel}","templated":true}]}}