{"id":2595,"date":"2026-04-06T13:50:25","date_gmt":"2026-04-06T11:50:25","guid":{"rendered":"https:\/\/www.garciaelsener.com\/?page_id=2595"},"modified":"2026-04-06T13:53:57","modified_gmt":"2026-04-06T11:53:57","slug":"datenschutzerklaerung","status":"publish","type":"page","link":"https:\/\/www.garciaelsener.com\/en\/datenschutzerklaerung\/","title":{"rendered":"Privacy Policy"},"content":{"rendered":"<div style=\"height:100px\" aria-hidden=\"true\" class=\"wp-block-spacer\"><\/div>\n\n\n\n<h1 class=\"wp-block-heading\" id=\"h-datenschutzerklarung\">Privacy Policy<\/h1>\n\n\n\n<h2 class=\"wp-block-heading\" id=\"h-1-verantwortlicher\">1. Verantwortlicher<\/h2>\n\n\n\n<p>Verantwortlich f\u00fcr die Verarbeitung personenbezogener Daten auf dieser Website ist:<\/p>\n\n\n\n<p>Garcia Elsener SLU<br>Plaza Espa\u00f1a 11<br>07002 Palma de Mallorca<br>Spanien<\/p>\n\n\n\n<p>E-Mail: <a>info@garciaelsener.com<\/a><\/p>\n\n\n\n<h2 class=\"wp-block-heading\">2. Erhebung und Verarbeitung personenbezogener Daten<\/h2>\n\n\n\n<p>Personenbezogene Daten werden erhoben, wenn Sie uns diese im Rahmen einer Anfrage freiwillig mitteilen.<\/p>\n\n\n\n<p>Dies betrifft insbesondere:<\/p>\n\n\n\n<ul class=\"wp-block-list\">\n<li>Vor- und Nachname<\/li>\n\n\n\n<li>E-Mail-Adresse<\/li>\n\n\n\n<li>Inhalt Ihrer Anfrage<\/li>\n<\/ul>\n\n\n\n<h2 class=\"wp-block-heading\">3. Zweck der Datenverarbeitung<\/h2>\n\n\n\n<p>Die Verarbeitung Ihrer personenbezogenen Daten erfolgt zu folgenden Zwecken:<\/p>\n\n\n\n<ul class=\"wp-block-list\">\n<li>Bearbeitung Ihrer Anfrage<\/li>\n\n\n\n<li>Kontaktaufnahme<\/li>\n\n\n\n<li>Anbahnung und Durchf\u00fchrung eines Vertragsverh\u00e4ltnisses<\/li>\n\n\n\n<li>Erf\u00fcllung gesetzlicher Verpflichtungen<\/li>\n<\/ul>\n\n\n\n<h2 class=\"wp-block-heading\">4. Rechtsgrundlage der Verarbeitung<\/h2>\n\n\n\n<p>Die Verarbeitung erfolgt auf Grundlage von:<\/p>\n\n\n\n<ul class=\"wp-block-list\">\n<li>Art. 6 Abs. 1 lit. a DSGVO (Einwilligung)<\/li>\n\n\n\n<li>Art. 6 Abs. 1 lit. b DSGVO (Vertrag oder vorvertragliche Ma\u00dfnahmen)<\/li>\n\n\n\n<li>Art. 6 Abs. 1 lit. c DSGVO (gesetzliche Verpflichtung)<\/li>\n<\/ul>\n\n\n\n<h2 class=\"wp-block-heading\">5. Speicherdauer<\/h2>\n\n\n\n<p>Ihre personenbezogenen Daten werden nur so lange gespeichert, wie es f\u00fcr die Bearbeitung Ihrer Anfrage erforderlich ist oder gesetzliche Aufbewahrungspflichten bestehen.<\/p>\n\n\n\n<h2 class=\"wp-block-heading\">6. Weitergabe von Daten<\/h2>\n\n\n\n<p>Eine Weitergabe Ihrer personenbezogenen Daten an Dritte erfolgt nicht, es sei denn:<\/p>\n\n\n\n<ul class=\"wp-block-list\">\n<li>dies ist gesetzlich vorgeschrieben oder<\/li>\n\n\n\n<li>dies ist zur Durchf\u00fchrung unserer Dienstleistungen erforderlich<\/li>\n<\/ul>\n\n\n\n<h2 class=\"wp-block-heading\">7. Ihre Rechte<\/h2>\n\n\n\n<p>Sie haben das Recht:<\/p>\n\n\n\n<ul class=\"wp-block-list\">\n<li>Auskunft \u00fcber Ihre gespeicherten Daten zu erhalten<\/li>\n\n\n\n<li>Berichtigung unrichtiger Daten zu verlangen<\/li>\n\n\n\n<li>L\u00f6schung Ihrer Daten zu verlangen<\/li>\n\n\n\n<li>Einschr\u00e4nkung der Verarbeitung zu verlangen<\/li>\n\n\n\n<li>Widerspruch gegen die Verarbeitung einzulegen<\/li>\n\n\n\n<li>Daten\u00fcbertragbarkeit zu verlangen<\/li>\n<\/ul>\n\n\n\n<p>Zur Aus\u00fcbung Ihrer Rechte k\u00f6nnen Sie sich jederzeit an folgende E-Mail-Adresse wenden:<\/p>\n\n\n\n<p><a>info@garciaelsener.com<\/a><\/p>\n\n\n\n<p>Sie haben au\u00dferdem das Recht, sich bei der zust\u00e4ndigen Aufsichtsbeh\u00f6rde zu beschweren.<\/p>\n\n\n\n<p>Zust\u00e4ndige Beh\u00f6rde in Spanien ist:<\/p>\n\n\n\n<p>Agencia Espa\u00f1ola de Protecci\u00f3n de Datos (AEPD)<br><a href=\"https:\/\/www.aepd.es\">https:\/\/www.aepd.es<\/a><\/p>\n\n\n\n<h2 class=\"wp-block-heading\">8. Datensicherheit<\/h2>\n\n\n\n<p>Es werden geeignete technische und organisatorische Ma\u00dfnahmen eingesetzt, um Ihre Daten vor unbefugtem Zugriff, Verlust oder Missbrauch zu sch\u00fctzen.<\/p>\n\n\n\n<h2 class=\"wp-block-heading\">9. Cookies<\/h2>\n\n\n\n<p>Informationen zur Verwendung von Cookies finden Sie in unserer Cookie-Richtlinie (EU).<\/p>\n\n\n\n<h2 class=\"wp-block-heading\">10. Google Analytics<\/h2>\n\n\n\n<p>Diese Website verwendet Google Analytics, einen Webanalysedienst der Google Ireland Limited.<\/p>\n\n\n\n<p>Google Analytics verwendet Cookies, die eine Analyse der Nutzung der Website erm\u00f6glichen. Die erhobenen Daten werden in der Regel an Server von Google \u00fcbertragen und dort gespeichert.<\/p>\n\n\n\n<p>IP-Anonymisierung ist aktiviert.<\/p>\n\n\n\n<p>Die Verarbeitung erfolgt auf Grundlage Ihrer Einwilligung gem\u00e4\u00df Art. 6 Abs. 1 lit. a DSGVO.<\/p>\n\n\n\n<p>Weitere Informationen:<br><a href=\"https:\/\/policies.google.com\/privacy\">https:\/\/policies.google.com\/privacy<\/a><\/p>\n\n\n\n<h2 class=\"wp-block-heading\">11. Google reCAPTCHA<\/h2>\n\n\n\n<p>Zum Schutz vor missbr\u00e4uchlicher Nutzung unserer Formulare verwenden wir Google reCAPTCHA v3.<\/p>\n\n\n\n<p>Dabei werden Daten wie IP-Adresse und Nutzerverhalten an Google \u00fcbermittelt.<\/p>\n\n\n\n<p>Die Verarbeitung erfolgt auf Grundlage Ihrer Einwilligung.<\/p>\n\n\n\n<h2 class=\"wp-block-heading\">12. Google Fonts<\/h2>\n\n\n\n<p>Diese Website verwendet Google Fonts zur Darstellung von Schriftarten.<\/p>\n\n\n\n<p>Beim Aufruf der Website k\u00f6nnen Schriftarten von Google-Servern geladen werden, wodurch Ihre IP-Adresse an Google \u00fcbermittelt werden kann.<\/p>\n\n\n\n<p>Die Verarbeitung erfolgt auf Grundlage Ihrer Einwilligung.<\/p>\n\n\n\n<h2 class=\"wp-block-heading\">13. Google Maps<\/h2>\n\n\n\n<p>Diese Website verwendet Google Maps zur Darstellung geografischer Informationen.<\/p>\n\n\n\n<p>Beim Aufruf von Seiten mit eingebetteten Karten kann Ihre IP-Adresse an Google \u00fcbermittelt werden.<\/p>\n\n\n\n<p>Die Verarbeitung erfolgt auf Grundlage Ihrer Einwilligung.<\/p>\n\n\n\n<h2 class=\"wp-block-heading\">14. Kontaktformular<\/h2>\n\n\n\n<p>Wenn Sie uns \u00fcber das Kontaktformular kontaktieren, werden die von Ihnen eingegebenen Daten zur Bearbeitung Ihrer Anfrage gespeichert.<\/p>\n\n\n\n<p>Die Daten werden nicht ohne Ihre Einwilligung weitergegeben.<\/p>\n\n\n\n<h2 class=\"wp-block-heading\">15. Mandantenbereich \/ Dokumentenverwaltung<\/h2>\n\n\n\n<p>F\u00fcr die Bereitstellung unserer Dienstleistungen kann ein gesch\u00fctzter Mandantenbereich oder ein System zur Verwaltung von Dokumenten genutzt werden.<\/p>\n\n\n\n<p>In diesem Bereich k\u00f6nnen personenbezogene Daten sowie vertrauliche Informationen verarbeitet werden, insbesondere im Zusammenhang mit steuerlicher und betriebswirtschaftlicher Beratung.<\/p>\n\n\n\n<p>Der Zugriff auf diesen Bereich ist ausschlie\u00dflich autorisierten Nutzern vorbehalten und erfolgt \u00fcber gesicherte Verbindungen.<\/p>\n\n\n\n<p id=\"h-\">Die Verarbeitung dieser Daten erfolgt ausschlie\u00dflich zum Zweck der Erbringung unserer Dienstleistungen sowie auf Grundlage vertraglicher und gesetzlicher Verpflichtungen gem\u00e4\u00df Art. 6 Abs. 1 lit. b und c DSGVO.<\/p>","protected":false},"excerpt":{"rendered":"<p>Datenschutzerkl\u00e4rung 1. Verantwortlicher Verantwortlich f\u00fcr die Verarbeitung personenbezogener Daten auf dieser Website ist: Garcia Elsener SLUPlaza Espa\u00f1a 1107002 Palma de MallorcaSpanien E-Mail: info@garciaelsener.com 2. Erhebung und Verarbeitung personenbezogener Daten Personenbezogene Daten werden erhoben, wenn Sie uns diese im Rahmen einer Anfrage freiwillig mitteilen. Dies betrifft insbesondere: 3. Zweck der Datenverarbeitung Die Verarbeitung Ihrer personenbezogenen Daten [&hellip;]<\/p>\n","protected":false},"author":1,"featured_media":0,"parent":0,"menu_order":0,"comment_status":"closed","ping_status":"closed","template":"","meta":{"_uag_custom_page_level_css":"","site-sidebar-layout":"default","site-content-layout":"","ast-site-content-layout":"default","site-content-style":"default","site-sidebar-style":"default","ast-global-header-display":"","ast-banner-title-visibility":"","ast-main-header-display":"","ast-hfb-above-header-display":"","ast-hfb-below-header-display":"","ast-hfb-mobile-header-display":"","site-post-title":"disabled","ast-breadcrumbs-content":"","ast-featured-img":"","footer-sml-layout":"","ast-disable-related-posts":"","theme-transparent-header-meta":"disabled","adv-header-id-meta":"","stick-header-meta":"","header-above-stick-meta":"","header-main-stick-meta":"","header-below-stick-meta":"","astra-migrate-meta-layouts":"set","ast-page-background-enabled":"default","ast-page-background-meta":{"desktop":{"background-color":"var(--ast-global-color-4)","background-image":"","background-repeat":"repeat","background-position":"center center","background-size":"auto","background-attachment":"scroll","background-type":"","background-media":"","overlay-type":"","overlay-color":"","overlay-opacity":"","overlay-gradient":""},"tablet":{"background-color":"","background-image":"","background-repeat":"repeat","background-position":"center center","background-size":"auto","background-attachment":"scroll","background-type":"","background-media":"","overlay-type":"","overlay-color":"","overlay-opacity":"","overlay-gradient":""},"mobile":{"background-color":"","background-image":"","background-repeat":"repeat","background-position":"center center","background-size":"auto","background-attachment":"scroll","background-type":"","background-media":"","overlay-type":"","overlay-color":"","overlay-opacity":"","overlay-gradient":""}},"ast-content-background-meta":{"desktop":{"background-color":"var(--ast-global-color-5)","background-image":"","background-repeat":"repeat","background-position":"center center","background-size":"auto","background-attachment":"scroll","background-type":"","background-media":"","overlay-type":"","overlay-color":"","overlay-opacity":"","overlay-gradient":""},"tablet":{"background-color":"var(--ast-global-color-5)","background-image":"","background-repeat":"repeat","background-position":"center center","background-size":"auto","background-attachment":"scroll","background-type":"","background-media":"","overlay-type":"","overlay-color":"","overlay-opacity":"","overlay-gradient":""},"mobile":{"background-color":"var(--ast-global-color-5)","background-image":"","background-repeat":"repeat","background-position":"center center","background-size":"auto","background-attachment":"scroll","background-type":"","background-media":"","overlay-type":"","overlay-color":"","overlay-opacity":"","overlay-gradient":""}},"_joinchat":[],"footnotes":""},"class_list":["post-2595","page","type-page","status-publish","hentry"],"yoast_head":"<!-- This site is optimized with the Yoast SEO Premium plugin v23.2 (Yoast SEO v27.3) - https:\/\/yoast.com\/product\/yoast-seo-premium-wordpress\/ -->\n<title>Datenschutzerkl\u00e4rung - Garcia Elsener Steuerberater auf Mallorca<\/title>\n<meta name=\"robots\" content=\"index, follow, max-snippet:-1, max-image-preview:large, max-video-preview:-1\" \/>\n<link rel=\"canonical\" href=\"https:\/\/www.garciaelsener.com\/en\/datenschutzerklaerung\/\" \/>\n<meta property=\"og:locale\" content=\"en_GB\" \/>\n<meta property=\"og:type\" content=\"article\" \/>\n<meta property=\"og:title\" content=\"Datenschutzerkl\u00e4rung\" \/>\n<meta property=\"og:description\" content=\"Datenschutzerkl\u00e4rung 1. Verantwortlicher Verantwortlich f\u00fcr die Verarbeitung personenbezogener Daten auf dieser Website ist: Garcia Elsener SLUPlaza Espa\u00f1a 1107002 Palma de MallorcaSpanien E-Mail: info@garciaelsener.com 2. Erhebung und Verarbeitung personenbezogener Daten Personenbezogene Daten werden erhoben, wenn Sie uns diese im Rahmen einer Anfrage freiwillig mitteilen. Dies betrifft insbesondere: 3. Zweck der Datenverarbeitung Die Verarbeitung Ihrer personenbezogenen Daten [&hellip;]\" \/>\n<meta property=\"og:url\" content=\"https:\/\/www.garciaelsener.com\/en\/datenschutzerklaerung\/\" \/>\n<meta property=\"og:site_name\" content=\"Garcia Elsener Steuerberater auf Mallorca\" \/>\n<meta property=\"article:modified_time\" content=\"2026-04-06T11:53:57+00:00\" \/>\n<meta name=\"twitter:card\" content=\"summary_large_image\" \/>\n<meta name=\"twitter:label1\" content=\"Estimated reading time\" \/>\n\t<meta name=\"twitter:data1\" content=\"3 minutes\" \/>\n<script type=\"application\/ld+json\" class=\"yoast-schema-graph\">{\"@context\":\"https:\\\/\\\/schema.org\",\"@graph\":[{\"@type\":\"WebPage\",\"@id\":\"https:\\\/\\\/www.garciaelsener.com\\\/datenschutzerklaerung\\\/\",\"url\":\"https:\\\/\\\/www.garciaelsener.com\\\/datenschutzerklaerung\\\/\",\"name\":\"Datenschutzerkl\u00e4rung - Garcia Elsener Steuerberater auf Mallorca\",\"isPartOf\":{\"@id\":\"https:\\\/\\\/www.garciaelsener.com\\\/#website\"},\"datePublished\":\"2026-04-06T11:50:25+00:00\",\"dateModified\":\"2026-04-06T11:53:57+00:00\",\"breadcrumb\":{\"@id\":\"https:\\\/\\\/www.garciaelsener.com\\\/datenschutzerklaerung\\\/#breadcrumb\"},\"inLanguage\":\"en-GB\",\"potentialAction\":[{\"@type\":\"ReadAction\",\"target\":[\"https:\\\/\\\/www.garciaelsener.com\\\/datenschutzerklaerung\\\/\"]}]},{\"@type\":\"BreadcrumbList\",\"@id\":\"https:\\\/\\\/www.garciaelsener.com\\\/datenschutzerklaerung\\\/#breadcrumb\",\"itemListElement\":[{\"@type\":\"ListItem\",\"position\":1,\"name\":\"Portada\",\"item\":\"https:\\\/\\\/www.garciaelsener.com\\\/\"},{\"@type\":\"ListItem\",\"position\":2,\"name\":\"Datenschutzerkl\u00e4rung\"}]},{\"@type\":\"WebSite\",\"@id\":\"https:\\\/\\\/www.garciaelsener.com\\\/#website\",\"url\":\"https:\\\/\\\/www.garciaelsener.com\\\/\",\"name\":\"Garcia Elsener Steuerberater auf Mallorca\",\"description\":\"\",\"publisher\":{\"@id\":\"https:\\\/\\\/www.garciaelsener.com\\\/#organization\"},\"potentialAction\":[{\"@type\":\"SearchAction\",\"target\":{\"@type\":\"EntryPoint\",\"urlTemplate\":\"https:\\\/\\\/www.garciaelsener.com\\\/?s={search_term_string}\"},\"query-input\":{\"@type\":\"PropertyValueSpecification\",\"valueRequired\":true,\"valueName\":\"search_term_string\"}}],\"inLanguage\":\"en-GB\"},{\"@type\":\"Organization\",\"@id\":\"https:\\\/\\\/www.garciaelsener.com\\\/#organization\",\"name\":\"Garcia Elsener Steuerberater auf Mallorca\",\"alternateName\":\"Garcia Elsener\",\"url\":\"https:\\\/\\\/www.garciaelsener.com\\\/\",\"logo\":{\"@type\":\"ImageObject\",\"inLanguage\":\"en-GB\",\"@id\":\"https:\\\/\\\/www.garciaelsener.com\\\/#\\\/schema\\\/logo\\\/image\\\/\",\"url\":\"https:\\\/\\\/www.garciaelsener.com\\\/wp-content\\\/uploads\\\/2024\\\/02\\\/Garcia-Elsener-Steuerberater-Mallorca-Logo.jpg\",\"contentUrl\":\"https:\\\/\\\/www.garciaelsener.com\\\/wp-content\\\/uploads\\\/2024\\\/02\\\/Garcia-Elsener-Steuerberater-Mallorca-Logo.jpg\",\"width\":720,\"height\":720,\"caption\":\"Garcia Elsener Steuerberater auf Mallorca\"},\"image\":{\"@id\":\"https:\\\/\\\/www.garciaelsener.com\\\/#\\\/schema\\\/logo\\\/image\\\/\"}}]}<\/script>\n<!-- \/ Yoast SEO Premium plugin. -->","yoast_head_json":{"title":"Datenschutzerkl\u00e4rung - Garcia Elsener Steuerberater auf Mallorca","robots":{"index":"index","follow":"follow","max-snippet":"max-snippet:-1","max-image-preview":"max-image-preview:large","max-video-preview":"max-video-preview:-1"},"canonical":"https:\/\/www.garciaelsener.com\/en\/datenschutzerklaerung\/","og_locale":"en_GB","og_type":"article","og_title":"Datenschutzerkl\u00e4rung","og_description":"Datenschutzerkl\u00e4rung 1. Verantwortlicher Verantwortlich f\u00fcr die Verarbeitung personenbezogener Daten auf dieser Website ist: Garcia Elsener SLUPlaza Espa\u00f1a 1107002 Palma de MallorcaSpanien E-Mail: info@garciaelsener.com 2. Erhebung und Verarbeitung personenbezogener Daten Personenbezogene Daten werden erhoben, wenn Sie uns diese im Rahmen einer Anfrage freiwillig mitteilen. Dies betrifft insbesondere: 3. Zweck der Datenverarbeitung Die Verarbeitung Ihrer personenbezogenen Daten [&hellip;]","og_url":"https:\/\/www.garciaelsener.com\/en\/datenschutzerklaerung\/","og_site_name":"Garcia Elsener Steuerberater auf Mallorca","article_modified_time":"2026-04-06T11:53:57+00:00","twitter_card":"summary_large_image","twitter_misc":{"Estimated reading time":"3 minutes"},"schema":{"@context":"https:\/\/schema.org","@graph":[{"@type":"WebPage","@id":"https:\/\/www.garciaelsener.com\/datenschutzerklaerung\/","url":"https:\/\/www.garciaelsener.com\/datenschutzerklaerung\/","name":"Datenschutzerkl\u00e4rung - Garcia Elsener Steuerberater auf Mallorca","isPartOf":{"@id":"https:\/\/www.garciaelsener.com\/#website"},"datePublished":"2026-04-06T11:50:25+00:00","dateModified":"2026-04-06T11:53:57+00:00","breadcrumb":{"@id":"https:\/\/www.garciaelsener.com\/datenschutzerklaerung\/#breadcrumb"},"inLanguage":"en-GB","potentialAction":[{"@type":"ReadAction","target":["https:\/\/www.garciaelsener.com\/datenschutzerklaerung\/"]}]},{"@type":"BreadcrumbList","@id":"https:\/\/www.garciaelsener.com\/datenschutzerklaerung\/#breadcrumb","itemListElement":[{"@type":"ListItem","position":1,"name":"Portada","item":"https:\/\/www.garciaelsener.com\/"},{"@type":"ListItem","position":2,"name":"Datenschutzerkl\u00e4rung"}]},{"@type":"WebSite","@id":"https:\/\/www.garciaelsener.com\/#website","url":"https:\/\/www.garciaelsener.com\/","name":"Garcia Elsener tax advisor in Mallorca","description":"","publisher":{"@id":"https:\/\/www.garciaelsener.com\/#organization"},"potentialAction":[{"@type":"SearchAction","target":{"@type":"EntryPoint","urlTemplate":"https:\/\/www.garciaelsener.com\/?s={search_term_string}"},"query-input":{"@type":"PropertyValueSpecification","valueRequired":true,"valueName":"search_term_string"}}],"inLanguage":"en-GB"},{"@type":"Organization","@id":"https:\/\/www.garciaelsener.com\/#organization","name":"Garcia Elsener tax advisor in Mallorca","alternateName":"Garcia Elsener","url":"https:\/\/www.garciaelsener.com\/","logo":{"@type":"ImageObject","inLanguage":"en-GB","@id":"https:\/\/www.garciaelsener.com\/#\/schema\/logo\/image\/","url":"https:\/\/www.garciaelsener.com\/wp-content\/uploads\/2024\/02\/Garcia-Elsener-Steuerberater-Mallorca-Logo.jpg","contentUrl":"https:\/\/www.garciaelsener.com\/wp-content\/uploads\/2024\/02\/Garcia-Elsener-Steuerberater-Mallorca-Logo.jpg","width":720,"height":720,"caption":"Garcia Elsener Steuerberater auf Mallorca"},"image":{"@id":"https:\/\/www.garciaelsener.com\/#\/schema\/logo\/image\/"}}]}},"uagb_featured_image_src":{"full":false,"thumbnail":false,"medium":false,"medium_large":false,"large":false,"1536x1536":false,"2048x2048":false,"trp-custom-language-flag":false},"uagb_author_info":{"display_name":"admin","author_link":"https:\/\/www.garciaelsener.com\/en\/author\/admin\/"},"uagb_comment_info":0,"uagb_excerpt":"Datenschutzerkl\u00e4rung 1. Verantwortlicher Verantwortlich f\u00fcr die Verarbeitung personenbezogener Daten auf dieser Website ist: Garcia Elsener SLUPlaza Espa\u00f1a 1107002 Palma de MallorcaSpanien E-Mail: info@garciaelsener.com 2. Erhebung und Verarbeitung personenbezogener Daten Personenbezogene Daten werden erhoben, wenn Sie uns diese im Rahmen einer Anfrage freiwillig mitteilen. Dies betrifft insbesondere: 3. Zweck der Datenverarbeitung Die Verarbeitung Ihrer personenbezogenen Daten&hellip;","_links":{"self":[{"href":"https:\/\/www.garciaelsener.com\/en\/wp-json\/wp\/v2\/pages\/2595","targetHints":{"allow":["GET"]}}],"collection":[{"href":"https:\/\/www.garciaelsener.com\/en\/wp-json\/wp\/v2\/pages"}],"about":[{"href":"https:\/\/www.garciaelsener.com\/en\/wp-json\/wp\/v2\/types\/page"}],"author":[{"embeddable":true,"href":"https:\/\/www.garciaelsener.com\/en\/wp-json\/wp\/v2\/users\/1"}],"replies":[{"embeddable":true,"href":"https:\/\/www.garciaelsener.com\/en\/wp-json\/wp\/v2\/comments?post=2595"}],"version-history":[{"count":2,"href":"https:\/\/www.garciaelsener.com\/en\/wp-json\/wp\/v2\/pages\/2595\/revisions"}],"predecessor-version":[{"id":2599,"href":"https:\/\/www.garciaelsener.com\/en\/wp-json\/wp\/v2\/pages\/2595\/revisions\/2599"}],"wp:attachment":[{"href":"https:\/\/www.garciaelsener.com\/en\/wp-json\/wp\/v2\/media?parent=2595"}],"curies":[{"name":"wp","href":"https:\/\/api.w.org\/{rel}","templated":true}]}}