{"id":703,"date":"2023-04-07T02:23:46","date_gmt":"2023-04-07T02:23:46","guid":{"rendered":"https:\/\/www.garciaelsener.com\/contact-us\/"},"modified":"2025-04-09T11:24:44","modified_gmt":"2025-04-09T09:24:44","slug":"contact","status":"publish","type":"page","link":"https:\/\/www.garciaelsener.com\/en\/contact\/","title":{"rendered":"Contact"},"content":{"rendered":"\n<div class=\"wp-block-uagb-container uagb-block-e83af848 alignfull uagb-is-root-container\">\n<div class=\"wp-block-uagb-container uagb-block-598344be\">\n<div class=\"wp-block-uagb-advanced-heading uagb-block-bc158ecb\"><div class=\"uagb-separator\"><\/div><h1 class=\"uagb-heading-text\">Kontakt<\/h1><p class=\"uagb-desc-text\">Bei Garc\u00eda Elsener sind wir hier, um Ihnen mit erstklassiger Steuerberatung zur Seite zu stehen. Ob Sie Fragen haben, eine Beratung w\u00fcnschen oder spezifische Informationen zu unseren Dienstleistungen ben\u00f6tigen, unser Team freut sich darauf, von Ihnen zu h\u00f6ren.<\/p><\/div>\n<\/div>\n<\/div>\n\n\n\n<div class=\"wp-block-uagb-container uagb-block-f15dbbdf alignfull uagb-is-root-container\">\n<div class=\"wp-block-uagb-container uagb-block-fe590ec4\">\n<div class=\"wp-block-uagb-container uagb-block-a23b1f76\">\n<div class=\"wp-block-uagb-advanced-heading uagb-block-d0d91fe9\"><div class=\"uagb-separator\"><\/div><h3 class=\"uagb-heading-text\">Kontaktinformationen<\/h3><\/div>\n\n\n\n<div class=\"wp-block-uagb-advanced-heading uagb-block-0947d6fb\"><div class=\"uagb-separator\"><\/div><\/div>\n\n\n\n<div class=\"wp-block-uagb-icon-list uagb-block-3beffe7b\"><div class=\"uagb-icon-list__wrap\">\n<div class=\"wp-block-uagb-icon-list-child uagb-block-5d2ae9a7\"><span class=\"uagb-icon-list__label\">GARCIA ELSENER STEUERBERATER<\/span><\/div>\n\n\n\n<div class=\"wp-block-uagb-icon-list-child uagb-block-ab04d4f2\"><a target=\"_blank\" aria-label=\"Pl. d'Espanya, 11, 1\u00ba, Distrito Centro, 07002 Palma, Balearic Islands\" rel=\"noopener noreferrer\" href=\"https:\/\/maps.app.goo.gl\/fun3tvYS33bfkgY47\"> <\/a><span class=\"uagb-icon-list__source-wrap\"><svg xmlns=\"https:\/\/www.w3.org\/2000\/svg\" viewBox=\"0 0 384 512\"><path d=\"M168.3 499.2C116.1 435 0 279.4 0 192C0 85.96 85.96 0 192 0C298 0 384 85.96 384 192C384 279.4 267 435 215.7 499.2C203.4 514.5 180.6 514.5 168.3 499.2H168.3zM192 256C227.3 256 256 227.3 256 192C256 156.7 227.3 128 192 128C156.7 128 128 156.7 128 192C128 227.3 156.7 256 192 256z\"><\/path><\/svg><\/span><span class=\"uagb-icon-list__label\">Pl. d&#8217;Espanya, 11, 1\u00ba, Distrito Centro, 07002 Palma, Balearic Islands<\/span><\/div>\n\n\n\n<div class=\"wp-block-uagb-icon-list-child uagb-block-a00c21af\"><a target=\"_self\" aria-label=\"+34 638 26 19 01\" rel=\"noopener noreferrer\" href=\"tel:+34638261901\"> <\/a><span class=\"uagb-icon-list__source-wrap\"><svg xmlns=\"https:\/\/www.w3.org\/2000\/svg\" viewBox=\"0 0 512 512\"><path d=\"M511.2 387l-23.25 100.8c-3.266 14.25-15.79 24.22-30.46 24.22C205.2 512 0 306.8 0 54.5c0-14.66 9.969-27.2 24.22-30.45l100.8-23.25C139.7-2.602 154.7 5.018 160.8 18.92l46.52 108.5c5.438 12.78 1.77 27.67-8.98 36.45L144.5 207.1c33.98 69.22 90.26 125.5 159.5 159.5l44.08-53.8c8.688-10.78 23.69-14.51 36.47-8.975l108.5 46.51C506.1 357.2 514.6 372.4 511.2 387z\"><\/path><\/svg><\/span><span class=\"uagb-icon-list__label\">+34 638 26 19 01<\/span><\/div>\n\n\n\n<div class=\"wp-block-uagb-icon-list-child uagb-block-80a5874a\"><a target=\"_self\" aria-label=\"info@garciaelsener.com\" rel=\"noopener noreferrer\" href=\"mailto:info@garciaelsener.com\"> <\/a><span class=\"uagb-icon-list__source-wrap\"><svg xmlns=\"https:\/\/www.w3.org\/2000\/svg\" viewBox=\"0 0 512 512\"><path d=\"M464 64C490.5 64 512 85.49 512 112C512 127.1 504.9 141.3 492.8 150.4L275.2 313.6C263.8 322.1 248.2 322.1 236.8 313.6L19.2 150.4C7.113 141.3 0 127.1 0 112C0 85.49 21.49 64 48 64H464zM217.6 339.2C240.4 356.3 271.6 356.3 294.4 339.2L512 176V384C512 419.3 483.3 448 448 448H64C28.65 448 0 419.3 0 384V176L217.6 339.2z\"><\/path><\/svg><\/span><span class=\"uagb-icon-list__label\">info@garciaelsener.com<\/span><\/div>\n<\/div><\/div>\n<\/div>\n\n\n\n<div class=\"wp-block-uagb-container uagb-block-10c090a5\"><div class=\"wpforms-container wpforms-render-modern\" id=\"wpforms-2454\"><form id=\"wpforms-form-2454\" class=\"wpforms-validate wpforms-form wpforms-ajax-form\" data-formid=\"2454\" method=\"post\" enctype=\"multipart\/form-data\" action=\"\/en\/wp-json\/wp\/v2\/pages\/703\" data-token=\"0351b9a527fe9dc384404ff793e9502f\" data-token-time=\"1778084086\"><noscript class=\"wpforms-error-noscript\">Please enable JavaScript in your browser to complete this form.<\/noscript><div id=\"wpforms-error-noscript\" style=\"display: none;\">Please enable JavaScript in your browser to complete this form.<\/div><div class=\"wpforms-field-container\"><div id=\"wpforms-2454-field_1-container\" class=\"wpforms-field wpforms-field-name\" data-field-id=\"1\"><label class=\"wpforms-field-label\" for=\"wpforms-2454-field_1\">Name <span class=\"wpforms-required-label\" aria-hidden=\"true\">*<\/span><\/label><input type=\"text\" id=\"wpforms-2454-field_1\" class=\"wpforms-field-large wpforms-field-required\" name=\"wpforms[fields][1]\" aria-errormessage=\"wpforms-2454-field_1-error\" required><\/div>\t\t<div id=\"wpforms-2454-field_5-container\"\n\t\t\tclass=\"wpforms-field wpforms-field-text\"\n\t\t\tdata-field-type=\"text\"\n\t\t\tdata-field-id=\"5\"\n\t\t\t>\n\t\t\t<label class=\"wpforms-field-label\" for=\"wpforms-2454-field_5\" >Betreff Email Name<\/label>\n\t\t\t<input type=\"text\" id=\"wpforms-2454-field_5\" class=\"wpforms-field-medium\" name=\"wpforms[fields][5]\" >\n\t\t<\/div>\n\t\t<div id=\"wpforms-2454-field_2-container\" class=\"wpforms-field wpforms-field-email\" data-field-id=\"2\"><label class=\"wpforms-field-label\" for=\"wpforms-2454-field_2\">Email <span class=\"wpforms-required-label\" aria-hidden=\"true\">*<\/span><\/label><input type=\"email\" id=\"wpforms-2454-field_2\" class=\"wpforms-field-large wpforms-field-required\" name=\"wpforms[fields][2]\" spellcheck=\"false\" aria-errormessage=\"wpforms-2454-field_2-error\" required><\/div><div id=\"wpforms-2454-field_3-container\" class=\"wpforms-field wpforms-field-text\" data-field-id=\"3\"><label class=\"wpforms-field-label\" for=\"wpforms-2454-field_3\">Betreff<\/label><input type=\"text\" id=\"wpforms-2454-field_3\" class=\"wpforms-field-large\" name=\"wpforms[fields][3]\" aria-errormessage=\"wpforms-2454-field_3-error\" ><\/div><div id=\"wpforms-2454-field_4-container\" class=\"wpforms-field wpforms-field-textarea\" data-field-id=\"4\"><label class=\"wpforms-field-label\" for=\"wpforms-2454-field_4\">Nachricht<\/label><textarea id=\"wpforms-2454-field_4\" class=\"wpforms-field-medium\" name=\"wpforms[fields][4]\" aria-errormessage=\"wpforms-2454-field_4-error\" ><\/textarea><\/div><script>\n\t\t\t\t( function() {\n\t\t\t\t\tconst style = document.createElement( 'style' );\n\t\t\t\t\tstyle.appendChild( document.createTextNode( '#wpforms-2454-field_5-container { position: absolute !important; overflow: hidden !important; display: inline !important; height: 1px !important; width: 1px !important; z-index: -1000 !important; padding: 0 !important; } #wpforms-2454-field_5-container input { visibility: hidden; } #wpforms-conversational-form-page #wpforms-2454-field_5-container label { counter-increment: none; }' ) );\n\t\t\t\t\tdocument.head.appendChild( style );\n\t\t\t\t\tdocument.currentScript?.remove();\n\t\t\t\t} )();\n\t\t\t<\/script><\/div><!-- .wpforms-field-container --><div class=\"wpforms-submit-container\" ><input type=\"hidden\" name=\"wpforms[id]\" value=\"2454\"><input type=\"hidden\" name=\"page_title\" value=\"\"><input type=\"hidden\" name=\"page_url\" value=\"https:\/\/www.garciaelsener.com\/en\/wp-json\/wp\/v2\/pages\/703\"><input type=\"hidden\" name=\"url_referer\" value=\"\"><button type=\"submit\" name=\"wpforms[submit]\" id=\"wpforms-submit-2454\" class=\"wpforms-submit\" data-alt-text=\"SENDEN\" data-submit-text=\"SENDEN\" aria-live=\"assertive\" value=\"wpforms-submit\">SENDEN<\/button><img loading=\"lazy\" decoding=\"async\" src=\"https:\/\/www.garciaelsener.com\/wp-content\/plugins\/wpforms-lite\/assets\/images\/submit-spin.svg\" class=\"wpforms-submit-spinner\" style=\"display: none;\" width=\"26\" height=\"26\" alt=\"Loading\"><\/div><\/form><\/div>  <!-- .wpforms-container -->\n<\/div>\n<\/div>\n<\/div>\n\n\n\n<div class=\"wp-block-uagb-container uagb-block-8767bd36 alignfull uagb-is-root-container\"><\/div>\n\n\n\n<iframe src=\"https:\/\/www.google.com\/maps\/embed?pb=!1m18!1m12!1m3!1d3075.31165247485!2d2.6533249999999997!3d39.575126!2m3!1f0!2f0!3f0!3m2!1i1024!2i768!4f13.1!3m3!1m2!1s0x129793c4b3c7aac5%3A0xc82d8d92b172efed!2sGarcia%20Elsener%20Steuerberater%20Mallorca!5e0!3m2!1ses!2ses!4v1709809766691!5m2!1ses!2ses\" width=\"100%\" height=\"500\" style=\"border:0;\" allowfullscreen=\"\" loading=\"lazy\" referrerpolicy=\"no-referrer-when-downgrade\"><\/iframe>\n","protected":false},"excerpt":{"rendered":"<p>Kontakt Bei Garc\u00eda Elsener sind wir hier, um Ihnen mit erstklassiger Steuerberatung zur Seite zu stehen. Ob Sie Fragen haben, eine Beratung w\u00fcnschen oder spezifische Informationen zu unseren Dienstleistungen ben\u00f6tigen, unser Team freut sich darauf, von Ihnen zu h\u00f6ren. Kontaktinformationen<\/p>","protected":false},"author":1,"featured_media":0,"parent":0,"menu_order":0,"comment_status":"closed","ping_status":"closed","template":"","meta":{"_uag_custom_page_level_css":"","site-sidebar-layout":"default","site-content-layout":"page-builder","ast-site-content-layout":"full-width-container","site-content-style":"unboxed","site-sidebar-style":"unboxed","ast-global-header-display":"","ast-banner-title-visibility":"","ast-main-header-display":"","ast-hfb-above-header-display":"","ast-hfb-below-header-display":"","ast-hfb-mobile-header-display":"","site-post-title":"disabled","ast-breadcrumbs-content":"","ast-featured-img":"","footer-sml-layout":"","ast-disable-related-posts":"","theme-transparent-header-meta":"enabled","adv-header-id-meta":"","stick-header-meta":"","header-above-stick-meta":"","header-main-stick-meta":"","header-below-stick-meta":"","astra-migrate-meta-layouts":"set","ast-page-background-enabled":"default","ast-page-background-meta":{"desktop":{"background-color":"var(--ast-global-color-4)","background-image":"","background-repeat":"repeat","background-position":"center center","background-size":"auto","background-attachment":"scroll","background-type":"","background-media":"","overlay-type":"","overlay-color":"","overlay-opacity":"","overlay-gradient":""},"tablet":{"background-color":"","background-image":"","background-repeat":"repeat","background-position":"center center","background-size":"auto","background-attachment":"scroll","background-type":"","background-media":"","overlay-type":"","overlay-color":"","overlay-opacity":"","overlay-gradient":""},"mobile":{"background-color":"","background-image":"","background-repeat":"repeat","background-position":"center center","background-size":"auto","background-attachment":"scroll","background-type":"","background-media":"","overlay-type":"","overlay-color":"","overlay-opacity":"","overlay-gradient":""}},"ast-content-background-meta":{"desktop":{"background-color":"var(--ast-global-color-5)","background-image":"","background-repeat":"repeat","background-position":"center center","background-size":"auto","background-attachment":"scroll","background-type":"","background-media":"","overlay-type":"","overlay-color":"","overlay-opacity":"","overlay-gradient":""},"tablet":{"background-color":"var(--ast-global-color-5)","background-image":"","background-repeat":"repeat","background-position":"center center","background-size":"auto","background-attachment":"scroll","background-type":"","background-media":"","overlay-type":"","overlay-color":"","overlay-opacity":"","overlay-gradient":""},"mobile":{"background-color":"var(--ast-global-color-5)","background-image":"","background-repeat":"repeat","background-position":"center center","background-size":"auto","background-attachment":"scroll","background-type":"","background-media":"","overlay-type":"","overlay-color":"","overlay-opacity":"","overlay-gradient":""}},"_joinchat":[],"footnotes":""},"class_list":["post-703","page","type-page","status-publish","hentry"],"yoast_head":"<!-- This site is optimized with the Yoast SEO Premium plugin v23.2 (Yoast SEO v27.4) - https:\/\/yoast.com\/product\/yoast-seo-premium-wordpress\/ -->\n<title>Kontakt - Garcia Elsener Steuerberater auf Mallorca<\/title>\n<meta name=\"description\" content=\"Bei Garc\u00eda Elsener bieten wir Steuerberatung auf h\u00f6chstem Niveau. Nehmen Sie Kontakt mit uns auf und wir empfangen Sie in unserem B\u00fcro im Zentrum von Palma auf Mallorca.\" \/>\n<meta name=\"robots\" content=\"index, follow, max-snippet:-1, max-image-preview:large, max-video-preview:-1\" \/>\n<link rel=\"canonical\" href=\"https:\/\/www.garciaelsener.com\/en\/contact\/\" \/>\n<meta property=\"og:locale\" content=\"en_GB\" \/>\n<meta property=\"og:type\" content=\"article\" \/>\n<meta property=\"og:title\" content=\"Kontakt\" \/>\n<meta property=\"og:description\" content=\"Bei Garc\u00eda Elsener bieten wir Steuerberatung auf h\u00f6chstem Niveau. Nehmen Sie Kontakt mit uns auf und wir empfangen Sie in unserem B\u00fcro im Zentrum von Palma auf Mallorca.\" \/>\n<meta property=\"og:url\" content=\"https:\/\/www.garciaelsener.com\/en\/contact\/\" \/>\n<meta property=\"og:site_name\" content=\"Garcia Elsener Steuerberater auf Mallorca\" \/>\n<meta property=\"article:modified_time\" content=\"2025-04-09T09:24:44+00:00\" \/>\n<meta property=\"og:image\" content=\"https:\/\/www.garciaelsener.com\/wp-content\/uploads\/2024\/02\/Garcia-Elsener-Steuerberater-Mallorca-Logo.jpg\" \/>\n\t<meta property=\"og:image:width\" content=\"720\" \/>\n\t<meta property=\"og:image:height\" content=\"720\" \/>\n\t<meta property=\"og:image:type\" content=\"image\/jpeg\" \/>\n<meta name=\"twitter:card\" content=\"summary_large_image\" \/>\n<meta name=\"twitter:label1\" content=\"Estimated reading time\" \/>\n\t<meta name=\"twitter:data1\" content=\"1 minute\" \/>\n<script type=\"application\/ld+json\" class=\"yoast-schema-graph\">{\"@context\":\"https:\\\/\\\/schema.org\",\"@graph\":[{\"@type\":[\"WebPage\",\"ContactPage\"],\"@id\":\"https:\\\/\\\/www.garciaelsener.com\\\/kontakt\\\/\",\"url\":\"https:\\\/\\\/www.garciaelsener.com\\\/kontakt\\\/\",\"name\":\"Kontakt - Garcia Elsener Steuerberater auf Mallorca\",\"isPartOf\":{\"@id\":\"https:\\\/\\\/www.garciaelsener.com\\\/#website\"},\"datePublished\":\"2023-04-07T02:23:46+00:00\",\"dateModified\":\"2025-04-09T09:24:44+00:00\",\"description\":\"Bei Garc\u00eda Elsener bieten wir Steuerberatung auf h\u00f6chstem Niveau. Nehmen Sie Kontakt mit uns auf und wir empfangen Sie in unserem B\u00fcro im Zentrum von Palma auf Mallorca.\",\"breadcrumb\":{\"@id\":\"https:\\\/\\\/www.garciaelsener.com\\\/kontakt\\\/#breadcrumb\"},\"inLanguage\":\"en-GB\",\"potentialAction\":[{\"@type\":\"ReadAction\",\"target\":[\"https:\\\/\\\/www.garciaelsener.com\\\/kontakt\\\/\"]}]},{\"@type\":\"BreadcrumbList\",\"@id\":\"https:\\\/\\\/www.garciaelsener.com\\\/kontakt\\\/#breadcrumb\",\"itemListElement\":[{\"@type\":\"ListItem\",\"position\":1,\"name\":\"Portada\",\"item\":\"https:\\\/\\\/www.garciaelsener.com\\\/\"},{\"@type\":\"ListItem\",\"position\":2,\"name\":\"Kontakt\"}]},{\"@type\":\"WebSite\",\"@id\":\"https:\\\/\\\/www.garciaelsener.com\\\/#website\",\"url\":\"https:\\\/\\\/www.garciaelsener.com\\\/\",\"name\":\"Garcia Elsener Steuerberater auf Mallorca\",\"description\":\"\",\"publisher\":{\"@id\":\"https:\\\/\\\/www.garciaelsener.com\\\/#organization\"},\"potentialAction\":[{\"@type\":\"SearchAction\",\"target\":{\"@type\":\"EntryPoint\",\"urlTemplate\":\"https:\\\/\\\/www.garciaelsener.com\\\/?s={search_term_string}\"},\"query-input\":{\"@type\":\"PropertyValueSpecification\",\"valueRequired\":true,\"valueName\":\"search_term_string\"}}],\"inLanguage\":\"en-GB\"},{\"@type\":\"Organization\",\"@id\":\"https:\\\/\\\/www.garciaelsener.com\\\/#organization\",\"name\":\"Garcia Elsener Steuerberater auf Mallorca\",\"alternateName\":\"Garcia Elsener\",\"url\":\"https:\\\/\\\/www.garciaelsener.com\\\/\",\"logo\":{\"@type\":\"ImageObject\",\"inLanguage\":\"en-GB\",\"@id\":\"https:\\\/\\\/www.garciaelsener.com\\\/#\\\/schema\\\/logo\\\/image\\\/\",\"url\":\"https:\\\/\\\/www.garciaelsener.com\\\/wp-content\\\/uploads\\\/2024\\\/02\\\/Garcia-Elsener-Steuerberater-Mallorca-Logo.jpg\",\"contentUrl\":\"https:\\\/\\\/www.garciaelsener.com\\\/wp-content\\\/uploads\\\/2024\\\/02\\\/Garcia-Elsener-Steuerberater-Mallorca-Logo.jpg\",\"width\":720,\"height\":720,\"caption\":\"Garcia Elsener Steuerberater auf Mallorca\"},\"image\":{\"@id\":\"https:\\\/\\\/www.garciaelsener.com\\\/#\\\/schema\\\/logo\\\/image\\\/\"}}]}<\/script>\n<!-- \/ Yoast SEO Premium plugin. -->","yoast_head_json":{"title":"Contact - Garcia Elsener tax consultants in Mallorca","description":"At Garc\u00eda Elsener we offer tax advice at the highest level. Contact us and we will welcome you in our office in the centre of Palma, Mallorca.","robots":{"index":"index","follow":"follow","max-snippet":"max-snippet:-1","max-image-preview":"max-image-preview:large","max-video-preview":"max-video-preview:-1"},"canonical":"https:\/\/www.garciaelsener.com\/en\/contact\/","og_locale":"en_GB","og_type":"article","og_title":"Kontakt","og_description":"Bei Garc\u00eda Elsener bieten wir Steuerberatung auf h\u00f6chstem Niveau. Nehmen Sie Kontakt mit uns auf und wir empfangen Sie in unserem B\u00fcro im Zentrum von Palma auf Mallorca.","og_url":"https:\/\/www.garciaelsener.com\/en\/contact\/","og_site_name":"Garcia Elsener Steuerberater auf Mallorca","article_modified_time":"2025-04-09T09:24:44+00:00","og_image":[{"width":720,"height":720,"url":"https:\/\/www.garciaelsener.com\/wp-content\/uploads\/2024\/02\/Garcia-Elsener-Steuerberater-Mallorca-Logo.jpg","type":"image\/jpeg"}],"twitter_card":"summary_large_image","twitter_misc":{"Estimated reading time":"1 minute"},"schema":{"@context":"https:\/\/schema.org","@graph":[{"@type":["WebPage","ContactPage"],"@id":"https:\/\/www.garciaelsener.com\/kontakt\/","url":"https:\/\/www.garciaelsener.com\/kontakt\/","name":"Contact - Garcia Elsener tax consultants in Mallorca","isPartOf":{"@id":"https:\/\/www.garciaelsener.com\/#website"},"datePublished":"2023-04-07T02:23:46+00:00","dateModified":"2025-04-09T09:24:44+00:00","description":"At Garc\u00eda Elsener we offer tax advice at the highest level. Contact us and we will welcome you in our office in the centre of Palma, Mallorca.","breadcrumb":{"@id":"https:\/\/www.garciaelsener.com\/kontakt\/#breadcrumb"},"inLanguage":"en-GB","potentialAction":[{"@type":"ReadAction","target":["https:\/\/www.garciaelsener.com\/kontakt\/"]}]},{"@type":"BreadcrumbList","@id":"https:\/\/www.garciaelsener.com\/kontakt\/#breadcrumb","itemListElement":[{"@type":"ListItem","position":1,"name":"Portada","item":"https:\/\/www.garciaelsener.com\/"},{"@type":"ListItem","position":2,"name":"Kontakt"}]},{"@type":"WebSite","@id":"https:\/\/www.garciaelsener.com\/#website","url":"https:\/\/www.garciaelsener.com\/","name":"Garcia Elsener tax advisor in Mallorca","description":"","publisher":{"@id":"https:\/\/www.garciaelsener.com\/#organization"},"potentialAction":[{"@type":"SearchAction","target":{"@type":"EntryPoint","urlTemplate":"https:\/\/www.garciaelsener.com\/?s={search_term_string}"},"query-input":{"@type":"PropertyValueSpecification","valueRequired":true,"valueName":"search_term_string"}}],"inLanguage":"en-GB"},{"@type":"Organization","@id":"https:\/\/www.garciaelsener.com\/#organization","name":"Garcia Elsener tax advisor in Mallorca","alternateName":"Garcia Elsener","url":"https:\/\/www.garciaelsener.com\/","logo":{"@type":"ImageObject","inLanguage":"en-GB","@id":"https:\/\/www.garciaelsener.com\/#\/schema\/logo\/image\/","url":"https:\/\/www.garciaelsener.com\/wp-content\/uploads\/2024\/02\/Garcia-Elsener-Steuerberater-Mallorca-Logo.jpg","contentUrl":"https:\/\/www.garciaelsener.com\/wp-content\/uploads\/2024\/02\/Garcia-Elsener-Steuerberater-Mallorca-Logo.jpg","width":720,"height":720,"caption":"Garcia Elsener Steuerberater auf Mallorca"},"image":{"@id":"https:\/\/www.garciaelsener.com\/#\/schema\/logo\/image\/"}}]}},"uagb_featured_image_src":{"full":false,"thumbnail":false,"medium":false,"medium_large":false,"large":false,"1536x1536":false,"2048x2048":false,"trp-custom-language-flag":false},"uagb_author_info":{"display_name":"admin","author_link":"https:\/\/www.garciaelsener.com\/en\/author\/admin\/"},"uagb_comment_info":0,"uagb_excerpt":"Kontakt Bei Garc\u00eda Elsener sind wir hier, um Ihnen mit erstklassiger Steuerberatung zur Seite zu stehen. Ob Sie Fragen haben, eine Beratung w\u00fcnschen oder spezifische Informationen zu unseren Dienstleistungen ben\u00f6tigen, unser Team freut sich darauf, von Ihnen zu h\u00f6ren. Kontaktinformationen","_links":{"self":[{"href":"https:\/\/www.garciaelsener.com\/en\/wp-json\/wp\/v2\/pages\/703","targetHints":{"allow":["GET"]}}],"collection":[{"href":"https:\/\/www.garciaelsener.com\/en\/wp-json\/wp\/v2\/pages"}],"about":[{"href":"https:\/\/www.garciaelsener.com\/en\/wp-json\/wp\/v2\/types\/page"}],"author":[{"embeddable":true,"href":"https:\/\/www.garciaelsener.com\/en\/wp-json\/wp\/v2\/users\/1"}],"replies":[{"embeddable":true,"href":"https:\/\/www.garciaelsener.com\/en\/wp-json\/wp\/v2\/comments?post=703"}],"version-history":[{"count":27,"href":"https:\/\/www.garciaelsener.com\/en\/wp-json\/wp\/v2\/pages\/703\/revisions"}],"predecessor-version":[{"id":2460,"href":"https:\/\/www.garciaelsener.com\/en\/wp-json\/wp\/v2\/pages\/703\/revisions\/2460"}],"wp:attachment":[{"href":"https:\/\/www.garciaelsener.com\/en\/wp-json\/wp\/v2\/media?parent=703"}],"curies":[{"name":"wp","href":"https:\/\/api.w.org\/{rel}","templated":true}]}}